{"id":9263,"date":"2021-02-14T12:50:01","date_gmt":"2021-02-14T17:50:01","guid":{"rendered":"https:\/\/stage.customhockeysticks.ca\/?post_type=product&#038;p=9263"},"modified":"2025-02-28T13:22:51","modified_gmt":"2025-02-28T18:22:51","slug":"rondelle-de-custom-hockey-sticks","status":"publish","type":"product","link":"https:\/\/stage.customhockeysticks.ca\/fr\/produit\/rondelle-de-custom-hockey-sticks\/","title":{"rendered":"Rondelle de Custom Hockey Sticks"},"content":{"rendered":"","protected":false},"excerpt":{"rendered":"<p>R\u00e9cup\u00e9rez votre rondelle de Custom Hockey Sticks, fabriqu\u00e9e au Canada.<\/p>\n","protected":false},"featured_media":9257,"template":"","meta":[],"product_brand":[],"product_cat":[71],"product_tag":[],"class_list":{"0":"post-9263","1":"product","2":"type-product","3":"status-publish","4":"has-post-thumbnail","6":"product_cat-rondelle","8":"first","9":"instock","10":"taxable","11":"shipping-taxable","12":"purchasable","13":"product-type-simple"},"wcpa_form_fields":null,"_links":{"self":[{"href":"https:\/\/stage.customhockeysticks.ca\/fr\/wp-json\/wp\/v2\/product\/9263","targetHints":{"allow":["GET"]}}],"collection":[{"href":"https:\/\/stage.customhockeysticks.ca\/fr\/wp-json\/wp\/v2\/product"}],"about":[{"href":"https:\/\/stage.customhockeysticks.ca\/fr\/wp-json\/wp\/v2\/types\/product"}],"version-history":[{"count":1,"href":"https:\/\/stage.customhockeysticks.ca\/fr\/wp-json\/wp\/v2\/product\/9263\/revisions"}],"predecessor-version":[{"id":41314,"href":"https:\/\/stage.customhockeysticks.ca\/fr\/wp-json\/wp\/v2\/product\/9263\/revisions\/41314"}],"wp:featuredmedia":[{"embeddable":true,"href":"https:\/\/stage.customhockeysticks.ca\/fr\/wp-json\/wp\/v2\/media\/9257"}],"wp:attachment":[{"href":"https:\/\/stage.customhockeysticks.ca\/fr\/wp-json\/wp\/v2\/media?parent=9263"}],"wp:term":[{"taxonomy":"product_brand","embeddable":true,"href":"https:\/\/stage.customhockeysticks.ca\/fr\/wp-json\/wp\/v2\/product_brand?post=9263"},{"taxonomy":"product_cat","embeddable":true,"href":"https:\/\/stage.customhockeysticks.ca\/fr\/wp-json\/wp\/v2\/product_cat?post=9263"},{"taxonomy":"product_tag","embeddable":true,"href":"https:\/\/stage.customhockeysticks.ca\/fr\/wp-json\/wp\/v2\/product_tag?post=9263"}],"curies":[{"name":"wp","href":"https:\/\/api.w.org\/{rel}","templated":true}]}}