{"id":8406,"date":"2020-12-18T21:04:15","date_gmt":"2020-12-19T02:04:15","guid":{"rendered":"https:\/\/stage.customhockeysticks.ca\/product\/custom-hockey-stick-extension\/"},"modified":"2020-12-18T23:23:01","modified_gmt":"2020-12-19T04:23:01","slug":"custom-hockey-stick-extension","status":"publish","type":"product","link":"https:\/\/stage.customhockeysticks.ca\/fr\/produit\/custom-hockey-stick-extension\/","title":{"rendered":"Custom Hockey Stick Extension"},"content":{"rendered":"","protected":false},"excerpt":{"rendered":"<p>Besoin d&rsquo;un peu de hauteur suppl\u00e9mentaire pour votre b\u00e2ton de hockey personnalis\u00e9? Ajoutez une rallonge de b\u00e2ton disponible en longueur de 4 \u00ab\u00a0ou 6\u00a0\u00bb. Nos extensions de b\u00e2ton sont fabriqu\u00e9es en fibre de carbone 12K durable.<\/p>\n<p>Veuillez noter que ces extensions de b\u00e2tons sont uniquement destin\u00e9es aux b\u00e2tons de hockey personnalis\u00e9s seniors.<\/p>\n","protected":false},"featured_media":31811,"template":"","meta":[],"product_brand":[],"product_cat":[65],"product_tag":[],"class_list":{"0":"post-8406","1":"product","2":"type-product","3":"status-publish","4":"has-post-thumbnail","6":"product_cat-extensions-fr","7":"product_shipping_class-livraison-gratuite","9":"first","10":"instock","11":"taxable","12":"shipping-taxable","13":"purchasable","14":"product-type-variable"},"wcpa_form_fields":null,"_links":{"self":[{"href":"https:\/\/stage.customhockeysticks.ca\/fr\/wp-json\/wp\/v2\/product\/8406","targetHints":{"allow":["GET"]}}],"collection":[{"href":"https:\/\/stage.customhockeysticks.ca\/fr\/wp-json\/wp\/v2\/product"}],"about":[{"href":"https:\/\/stage.customhockeysticks.ca\/fr\/wp-json\/wp\/v2\/types\/product"}],"version-history":[{"count":0,"href":"https:\/\/stage.customhockeysticks.ca\/fr\/wp-json\/wp\/v2\/product\/8406\/revisions"}],"wp:featuredmedia":[{"embeddable":true,"href":"https:\/\/stage.customhockeysticks.ca\/fr\/wp-json\/wp\/v2\/media\/31811"}],"wp:attachment":[{"href":"https:\/\/stage.customhockeysticks.ca\/fr\/wp-json\/wp\/v2\/media?parent=8406"}],"wp:term":[{"taxonomy":"product_brand","embeddable":true,"href":"https:\/\/stage.customhockeysticks.ca\/fr\/wp-json\/wp\/v2\/product_brand?post=8406"},{"taxonomy":"product_cat","embeddable":true,"href":"https:\/\/stage.customhockeysticks.ca\/fr\/wp-json\/wp\/v2\/product_cat?post=8406"},{"taxonomy":"product_tag","embeddable":true,"href":"https:\/\/stage.customhockeysticks.ca\/fr\/wp-json\/wp\/v2\/product_tag?post=8406"}],"curies":[{"name":"wp","href":"https:\/\/api.w.org\/{rel}","templated":true}]}}