{"id":7473,"date":"2020-11-21T13:51:25","date_gmt":"2020-11-21T18:51:25","guid":{"rendered":"https:\/\/stage.customhockeysticks.ca\/product\/carte-cadeau\/"},"modified":"2020-12-05T09:05:32","modified_gmt":"2020-12-05T14:05:32","slug":"carte-cadeau","status":"publish","type":"product","link":"https:\/\/stage.customhockeysticks.ca\/fr\/produit\/carte-cadeau\/","title":{"rendered":"Custom Hockey Sticks Carte-cadeau"},"content":{"rendered":"","protected":false},"excerpt":{"rendered":"<p>Vous ne savez pas exactement avec quelles sp\u00e9cifications votre ami ou un membre de votre famille joue? Procurez-vous une carte-cadeau \u00e9lectronique Custom Hockey Sticks et laissez-les choisir eux-m\u00eames leurs personnalisations.<\/p>\n<p>Programmez l&rsquo;envoi de votre carte-cadeau par e-mail \u00e0 votre destinataire \u00e0 une date exacte, ou envoyez-la simplement \u00e0 vous-m\u00eame et imprimez-la pour \u00eatre offerte.<\/p>\n","protected":false},"featured_media":31591,"template":"","meta":[],"product_brand":[],"product_cat":[57],"product_tag":[],"class_list":{"0":"post-7473","1":"product","2":"type-product","3":"status-publish","4":"has-post-thumbnail","6":"product_cat-carte-cadeau","8":"first","9":"instock","10":"purchasable","11":"product-type-simple"},"wcpa_form_fields":null,"_links":{"self":[{"href":"https:\/\/stage.customhockeysticks.ca\/fr\/wp-json\/wp\/v2\/product\/7473","targetHints":{"allow":["GET"]}}],"collection":[{"href":"https:\/\/stage.customhockeysticks.ca\/fr\/wp-json\/wp\/v2\/product"}],"about":[{"href":"https:\/\/stage.customhockeysticks.ca\/fr\/wp-json\/wp\/v2\/types\/product"}],"version-history":[{"count":0,"href":"https:\/\/stage.customhockeysticks.ca\/fr\/wp-json\/wp\/v2\/product\/7473\/revisions"}],"wp:featuredmedia":[{"embeddable":true,"href":"https:\/\/stage.customhockeysticks.ca\/fr\/wp-json\/wp\/v2\/media\/31591"}],"wp:attachment":[{"href":"https:\/\/stage.customhockeysticks.ca\/fr\/wp-json\/wp\/v2\/media?parent=7473"}],"wp:term":[{"taxonomy":"product_brand","embeddable":true,"href":"https:\/\/stage.customhockeysticks.ca\/fr\/wp-json\/wp\/v2\/product_brand?post=7473"},{"taxonomy":"product_cat","embeddable":true,"href":"https:\/\/stage.customhockeysticks.ca\/fr\/wp-json\/wp\/v2\/product_cat?post=7473"},{"taxonomy":"product_tag","embeddable":true,"href":"https:\/\/stage.customhockeysticks.ca\/fr\/wp-json\/wp\/v2\/product_tag?post=7473"}],"curies":[{"name":"wp","href":"https:\/\/api.w.org\/{rel}","templated":true}]}}