{"id":40758,"date":"2025-02-24T12:08:41","date_gmt":"2025-02-24T17:08:41","guid":{"rendered":"https:\/\/stage.customhockeysticks.ca\/?post_type=product&#038;p=40758"},"modified":"2025-10-10T12:15:59","modified_gmt":"2025-10-10T16:15:59","slug":"prospect-blackout-hockey-sticks","status":"publish","type":"product","link":"https:\/\/stage.customhockeysticks.ca\/fr\/produit\/prospect-blackout-hockey-sticks\/","title":{"rendered":"Prospect Blackout Hockey Sticks"},"content":{"rendered":"","protected":false},"excerpt":{"rendered":"<p>Si vous \u00eates le genre de joueur qui veut juste un b\u00e2ton solide qui d\u00e9chire les coups, les plats des soucoupes et ne vide pas votre portefeuille, vous \u00eates au bon endroit. Pourquoi ces merveilles sont-elles moins ch\u00e8res que nos mod\u00e8les haut de gamme ? Elles utilisent une fibre de carbone d&rsquo;une qualit\u00e9 diff\u00e9rente pour r\u00e9duire les co\u00fbts sans faire d&rsquo;\u00e9conomies. Le Prospect Blackout apporte la performance, la durabilit\u00e9 et la qualit\u00e9 dont vous avez besoin pour continuer \u00e0 allumer la lampe.<\/p>\n","protected":false},"featured_media":44079,"template":"","meta":[],"product_brand":[],"product_cat":[215],"product_tag":[340],"class_list":{"0":"post-40758","1":"product","2":"type-product","3":"status-publish","4":"has-post-thumbnail","6":"product_cat-batons-de-hockey","7":"product_tag-prospects-fr","9":"first","10":"instock","11":"taxable","12":"shipping-taxable","13":"purchasable","14":"product-type-variable"},"wcpa_form_fields":null,"_links":{"self":[{"href":"https:\/\/stage.customhockeysticks.ca\/fr\/wp-json\/wp\/v2\/product\/40758","targetHints":{"allow":["GET"]}}],"collection":[{"href":"https:\/\/stage.customhockeysticks.ca\/fr\/wp-json\/wp\/v2\/product"}],"about":[{"href":"https:\/\/stage.customhockeysticks.ca\/fr\/wp-json\/wp\/v2\/types\/product"}],"version-history":[{"count":6,"href":"https:\/\/stage.customhockeysticks.ca\/fr\/wp-json\/wp\/v2\/product\/40758\/revisions"}],"predecessor-version":[{"id":46391,"href":"https:\/\/stage.customhockeysticks.ca\/fr\/wp-json\/wp\/v2\/product\/40758\/revisions\/46391"}],"wp:featuredmedia":[{"embeddable":true,"href":"https:\/\/stage.customhockeysticks.ca\/fr\/wp-json\/wp\/v2\/media\/44079"}],"wp:attachment":[{"href":"https:\/\/stage.customhockeysticks.ca\/fr\/wp-json\/wp\/v2\/media?parent=40758"}],"wp:term":[{"taxonomy":"product_brand","embeddable":true,"href":"https:\/\/stage.customhockeysticks.ca\/fr\/wp-json\/wp\/v2\/product_brand?post=40758"},{"taxonomy":"product_cat","embeddable":true,"href":"https:\/\/stage.customhockeysticks.ca\/fr\/wp-json\/wp\/v2\/product_cat?post=40758"},{"taxonomy":"product_tag","embeddable":true,"href":"https:\/\/stage.customhockeysticks.ca\/fr\/wp-json\/wp\/v2\/product_tag?post=40758"}],"curies":[{"name":"wp","href":"https:\/\/api.w.org\/{rel}","templated":true}]}}