{"id":39682,"date":"2023-12-10T19:35:08","date_gmt":"2023-12-11T00:35:08","guid":{"rendered":"https:\/\/stage.customhockeysticks.ca\/product\/custom-hockey-stick-en-stock\/"},"modified":"2025-10-10T12:15:23","modified_gmt":"2025-10-10T16:15:23","slug":"batons-pro-stock-blackout","status":"publish","type":"product","link":"https:\/\/stage.customhockeysticks.ca\/fr\/produit\/batons-pro-stock-blackout\/","title":{"rendered":"B\u00e2tons Pro Stock Blackout"},"content":{"rendered":"","protected":false},"excerpt":{"rendered":"<p><strong>Vous ne voulez pas attendre votre propre b\u00e2ton de hockey personnalis\u00e9? Choisissez parmi nos b\u00e2tons disponibles en stock.<\/strong><\/p>\n","protected":false},"featured_media":43209,"template":"","meta":[],"product_brand":[],"product_cat":[215],"product_tag":[],"class_list":{"0":"post-39682","1":"product","2":"type-product","3":"status-publish","4":"has-post-thumbnail","6":"product_cat-batons-de-hockey","8":"first","9":"instock","10":"taxable","11":"shipping-taxable","12":"purchasable","13":"product-type-variable"},"wcpa_form_fields":null,"_links":{"self":[{"href":"https:\/\/stage.customhockeysticks.ca\/fr\/wp-json\/wp\/v2\/product\/39682","targetHints":{"allow":["GET"]}}],"collection":[{"href":"https:\/\/stage.customhockeysticks.ca\/fr\/wp-json\/wp\/v2\/product"}],"about":[{"href":"https:\/\/stage.customhockeysticks.ca\/fr\/wp-json\/wp\/v2\/types\/product"}],"version-history":[{"count":4,"href":"https:\/\/stage.customhockeysticks.ca\/fr\/wp-json\/wp\/v2\/product\/39682\/revisions"}],"predecessor-version":[{"id":46393,"href":"https:\/\/stage.customhockeysticks.ca\/fr\/wp-json\/wp\/v2\/product\/39682\/revisions\/46393"}],"wp:featuredmedia":[{"embeddable":true,"href":"https:\/\/stage.customhockeysticks.ca\/fr\/wp-json\/wp\/v2\/media\/43209"}],"wp:attachment":[{"href":"https:\/\/stage.customhockeysticks.ca\/fr\/wp-json\/wp\/v2\/media?parent=39682"}],"wp:term":[{"taxonomy":"product_brand","embeddable":true,"href":"https:\/\/stage.customhockeysticks.ca\/fr\/wp-json\/wp\/v2\/product_brand?post=39682"},{"taxonomy":"product_cat","embeddable":true,"href":"https:\/\/stage.customhockeysticks.ca\/fr\/wp-json\/wp\/v2\/product_cat?post=39682"},{"taxonomy":"product_tag","embeddable":true,"href":"https:\/\/stage.customhockeysticks.ca\/fr\/wp-json\/wp\/v2\/product_tag?post=39682"}],"curies":[{"name":"wp","href":"https:\/\/api.w.org\/{rel}","templated":true}]}}