{"id":38359,"date":"2022-01-16T20:00:25","date_gmt":"2022-01-17T01:00:25","guid":{"rendered":"https:\/\/stage.customhockeysticks.ca\/?post_type=product&#038;p=38359"},"modified":"2025-10-11T16:09:16","modified_gmt":"2025-10-11T20:09:16","slug":"baton-de-hockey-hyperion","status":"publish","type":"product","link":"https:\/\/stage.customhockeysticks.ca\/fr\/produit\/baton-de-hockey-hyperion\/","title":{"rendered":"B\u00e2ton de hockey Hyperion"},"content":{"rendered":"<p><br data-mce-bogus=\"1\"><\/p>\n","protected":false},"excerpt":{"rendered":"<p>L\u2019Hyperion est le b\u00e2ton de hockey ultime, dot\u00e9 de la derni\u00e8re technologie pour une flexibilit\u00e9 et un retour d&rsquo;\u00e9nergie incroyables, permettant des d\u00e9clenchements ultra-rapides. Il allie la r\u00e9sistance du carbone Saphir et la durabilit\u00e9 de la technologie au bore pour cr\u00e9er le b\u00e2ton le plus l\u00e9ger et le plus performant du march\u00e9.<\/p>\n","protected":false},"featured_media":42053,"template":"","meta":[],"product_brand":[],"product_cat":[215],"product_tag":[214],"class_list":{"0":"post-38359","1":"product","2":"type-product","3":"status-publish","4":"has-post-thumbnail","6":"product_cat-batons-de-hockey","7":"product_tag-hyperion-fr","9":"first","10":"instock","11":"taxable","12":"shipping-taxable","13":"purchasable","14":"product-type-variable"},"wcpa_form_fields":null,"_links":{"self":[{"href":"https:\/\/stage.customhockeysticks.ca\/fr\/wp-json\/wp\/v2\/product\/38359","targetHints":{"allow":["GET"]}}],"collection":[{"href":"https:\/\/stage.customhockeysticks.ca\/fr\/wp-json\/wp\/v2\/product"}],"about":[{"href":"https:\/\/stage.customhockeysticks.ca\/fr\/wp-json\/wp\/v2\/types\/product"}],"version-history":[{"count":9,"href":"https:\/\/stage.customhockeysticks.ca\/fr\/wp-json\/wp\/v2\/product\/38359\/revisions"}],"predecessor-version":[{"id":46410,"href":"https:\/\/stage.customhockeysticks.ca\/fr\/wp-json\/wp\/v2\/product\/38359\/revisions\/46410"}],"wp:featuredmedia":[{"embeddable":true,"href":"https:\/\/stage.customhockeysticks.ca\/fr\/wp-json\/wp\/v2\/media\/42053"}],"wp:attachment":[{"href":"https:\/\/stage.customhockeysticks.ca\/fr\/wp-json\/wp\/v2\/media?parent=38359"}],"wp:term":[{"taxonomy":"product_brand","embeddable":true,"href":"https:\/\/stage.customhockeysticks.ca\/fr\/wp-json\/wp\/v2\/product_brand?post=38359"},{"taxonomy":"product_cat","embeddable":true,"href":"https:\/\/stage.customhockeysticks.ca\/fr\/wp-json\/wp\/v2\/product_cat?post=38359"},{"taxonomy":"product_tag","embeddable":true,"href":"https:\/\/stage.customhockeysticks.ca\/fr\/wp-json\/wp\/v2\/product_tag?post=38359"}],"curies":[{"name":"wp","href":"https:\/\/api.w.org\/{rel}","templated":true}]}}