{"id":35142,"date":"2024-09-11T11:29:41","date_gmt":"2024-09-11T15:29:41","guid":{"rendered":"https:\/\/stage.customhockeysticks.ca\/?post_type=product&#038;p=35142"},"modified":"2025-08-27T09:08:08","modified_gmt":"2025-08-27T13:08:08","slug":"batons-de-hockey-en-liquidation","status":"publish","type":"product","link":"https:\/\/stage.customhockeysticks.ca\/fr\/produit\/batons-de-hockey-en-liquidation\/","title":{"rendered":"B\u00e2tons de hockey en liquidation"},"content":{"rendered":"","protected":false},"excerpt":{"rendered":"<p><strong>Vous souhaitez \u00e9conomiser gros sur votre prochaine commande ? Choisissez parmi nos b\u00e2tons de hockey personnalis\u00e9s en liquidation disponibles qui sont exp\u00e9di\u00e9s imm\u00e9diatement.<\/strong><\/p>\n","protected":false},"featured_media":8350,"template":"","meta":[],"product_brand":[],"product_cat":[215],"product_tag":[300],"class_list":{"0":"post-35142","1":"product","2":"type-product","3":"status-publish","4":"has-post-thumbnail","6":"product_cat-batons-de-hockey","7":"product_tag-liquidation-fr","9":"first","10":"instock","11":"sale","12":"taxable","13":"shipping-taxable","14":"purchasable","15":"product-type-variable"},"wcpa_form_fields":null,"_links":{"self":[{"href":"https:\/\/stage.customhockeysticks.ca\/fr\/wp-json\/wp\/v2\/product\/35142","targetHints":{"allow":["GET"]}}],"collection":[{"href":"https:\/\/stage.customhockeysticks.ca\/fr\/wp-json\/wp\/v2\/product"}],"about":[{"href":"https:\/\/stage.customhockeysticks.ca\/fr\/wp-json\/wp\/v2\/types\/product"}],"version-history":[{"count":2,"href":"https:\/\/stage.customhockeysticks.ca\/fr\/wp-json\/wp\/v2\/product\/35142\/revisions"}],"predecessor-version":[{"id":35203,"href":"https:\/\/stage.customhockeysticks.ca\/fr\/wp-json\/wp\/v2\/product\/35142\/revisions\/35203"}],"wp:featuredmedia":[{"embeddable":true,"href":"https:\/\/stage.customhockeysticks.ca\/fr\/wp-json\/wp\/v2\/media\/8350"}],"wp:attachment":[{"href":"https:\/\/stage.customhockeysticks.ca\/fr\/wp-json\/wp\/v2\/media?parent=35142"}],"wp:term":[{"taxonomy":"product_brand","embeddable":true,"href":"https:\/\/stage.customhockeysticks.ca\/fr\/wp-json\/wp\/v2\/product_brand?post=35142"},{"taxonomy":"product_cat","embeddable":true,"href":"https:\/\/stage.customhockeysticks.ca\/fr\/wp-json\/wp\/v2\/product_cat?post=35142"},{"taxonomy":"product_tag","embeddable":true,"href":"https:\/\/stage.customhockeysticks.ca\/fr\/wp-json\/wp\/v2\/product_tag?post=35142"}],"curies":[{"name":"wp","href":"https:\/\/api.w.org\/{rel}","templated":true}]}}