{"id":31838,"date":"2024-04-20T22:01:50","date_gmt":"2024-04-21T02:01:50","guid":{"rendered":"https:\/\/stage.customhockeysticks.ca\/product\/rezztek-blade-grips-senior-paquet-de-2\/"},"modified":"2025-08-12T17:12:36","modified_gmt":"2025-08-12T21:12:36","slug":"rezztek-blade-grips","status":"publish","type":"product","link":"https:\/\/stage.customhockeysticks.ca\/fr\/produit\/rezztek-blade-grips\/","title":{"rendered":"Rezztek Blade Grips (Senior paquet de 2)"},"content":{"rendered":"","protected":false},"excerpt":{"rendered":"<p>Grip haute performance pour votre lame. L&#8217;emballage comprend du Rezztek\u00ae pour 2 b\u00e2tons senior. Recommand\u00e9 \u00e0 tous les joueurs de plus de 13 ans, utilisant un b\u00e2ton de hockey interm\u00e9diaire ou adulte.<\/p>\n<ul>\n<li>Quatre couches brevet\u00e9es, chacune sp\u00e9cialement con\u00e7ue pour des performances maximales.<\/li>\n<li>50 % plus l\u00e9ger qu&rsquo;un ruban adh\u00e9sif standard<\/li>\n<li>Augmente la vitesse et la pr\u00e9cision des tirs<\/li>\n<li>R\u00e9sistant \u00e0 l&rsquo;eau et d\u00e9perlant pour conserver vos performances tout au long du jeu.<\/li>\n<li>Dure 8 \u00e0 10 jeux par rapport \u00e0 la bande traditionnelle<\/li>\n<\/ul>\n","protected":false},"featured_media":31831,"template":"","meta":[],"product_brand":[],"product_cat":[122,166],"product_tag":[],"class_list":{"0":"post-31838","1":"product","2":"type-product","3":"status-publish","4":"has-post-thumbnail","6":"product_cat-cart-fr","7":"product_cat-rezztek-fr","9":"first","10":"instock","11":"taxable","12":"shipping-taxable","13":"purchasable","14":"product-type-simple"},"wcpa_form_fields":null,"_links":{"self":[{"href":"https:\/\/stage.customhockeysticks.ca\/fr\/wp-json\/wp\/v2\/product\/31838","targetHints":{"allow":["GET"]}}],"collection":[{"href":"https:\/\/stage.customhockeysticks.ca\/fr\/wp-json\/wp\/v2\/product"}],"about":[{"href":"https:\/\/stage.customhockeysticks.ca\/fr\/wp-json\/wp\/v2\/types\/product"}],"version-history":[{"count":1,"href":"https:\/\/stage.customhockeysticks.ca\/fr\/wp-json\/wp\/v2\/product\/31838\/revisions"}],"predecessor-version":[{"id":31839,"href":"https:\/\/stage.customhockeysticks.ca\/fr\/wp-json\/wp\/v2\/product\/31838\/revisions\/31839"}],"wp:featuredmedia":[{"embeddable":true,"href":"https:\/\/stage.customhockeysticks.ca\/fr\/wp-json\/wp\/v2\/media\/31831"}],"wp:attachment":[{"href":"https:\/\/stage.customhockeysticks.ca\/fr\/wp-json\/wp\/v2\/media?parent=31838"}],"wp:term":[{"taxonomy":"product_brand","embeddable":true,"href":"https:\/\/stage.customhockeysticks.ca\/fr\/wp-json\/wp\/v2\/product_brand?post=31838"},{"taxonomy":"product_cat","embeddable":true,"href":"https:\/\/stage.customhockeysticks.ca\/fr\/wp-json\/wp\/v2\/product_cat?post=31838"},{"taxonomy":"product_tag","embeddable":true,"href":"https:\/\/stage.customhockeysticks.ca\/fr\/wp-json\/wp\/v2\/product_tag?post=31838"}],"curies":[{"name":"wp","href":"https:\/\/api.w.org\/{rel}","templated":true}]}}