{"id":31413,"date":"2024-04-18T21:01:31","date_gmt":"2024-04-19T01:01:31","guid":{"rendered":"https:\/\/stage.customhockeysticks.ca\/product\/mini-custom-hockey-sticks\/"},"modified":"2024-04-23T19:14:51","modified_gmt":"2024-04-23T23:14:51","slug":"mini-baton-de-hockey-personnalise","status":"publish","type":"product","link":"https:\/\/stage.customhockeysticks.ca\/fr\/produit\/mini-baton-de-hockey-personnalise\/","title":{"rendered":"Mini B\u00e2tons de Hockey Personnalis\u00e9s"},"content":{"rendered":"","protected":false},"excerpt":{"rendered":"<p>Un fantastique article promotionnel pour votre entreprise, vos \u00e9v\u00e9nements, et vos \u0153uvres caritatives qui peut \u00eatre personnalis\u00e9 pour vous.<\/p>\n<p>Le mini b\u00e2ton de hockey personnalis\u00e9 est un b\u00e2ton en fibre de carbone de haute qualit\u00e9, \u00e9galement id\u00e9al pour que les enfants puissent tirer dans les sous-sols, les garages ou les couloirs d&rsquo;h\u00f4tel.<\/p>\n<p>Un souvenir incroyable pour tout fanatique de hockey.<\/p>\n<ul>\n<li>Courbe CHS92<\/li>\n<li>30&Prime; de hauteur<\/li>\n<li>Choix de c\u00f4t\u00e9 gauche ou droit<\/li>\n<li>Mat\u00e9riau composite solide \u00e0 base de fibres de carbone m\u00e9lang\u00e9es<\/li>\n<li>150g<\/li>\n<\/ul>\n","protected":false},"featured_media":31352,"template":"","meta":[],"product_brand":[],"product_cat":[126],"product_tag":[],"class_list":{"0":"post-31413","1":"product","2":"type-product","3":"status-publish","4":"has-post-thumbnail","6":"product_cat-mini-custom-hockey-sticks-fr","8":"first","9":"instock","10":"taxable","11":"shipping-taxable","12":"purchasable","13":"product-type-variable"},"wcpa_form_fields":null,"_links":{"self":[{"href":"https:\/\/stage.customhockeysticks.ca\/fr\/wp-json\/wp\/v2\/product\/31413","targetHints":{"allow":["GET"]}}],"collection":[{"href":"https:\/\/stage.customhockeysticks.ca\/fr\/wp-json\/wp\/v2\/product"}],"about":[{"href":"https:\/\/stage.customhockeysticks.ca\/fr\/wp-json\/wp\/v2\/types\/product"}],"version-history":[{"count":4,"href":"https:\/\/stage.customhockeysticks.ca\/fr\/wp-json\/wp\/v2\/product\/31413\/revisions"}],"predecessor-version":[{"id":31656,"href":"https:\/\/stage.customhockeysticks.ca\/fr\/wp-json\/wp\/v2\/product\/31413\/revisions\/31656"}],"wp:featuredmedia":[{"embeddable":true,"href":"https:\/\/stage.customhockeysticks.ca\/fr\/wp-json\/wp\/v2\/media\/31352"}],"wp:attachment":[{"href":"https:\/\/stage.customhockeysticks.ca\/fr\/wp-json\/wp\/v2\/media?parent=31413"}],"wp:term":[{"taxonomy":"product_brand","embeddable":true,"href":"https:\/\/stage.customhockeysticks.ca\/fr\/wp-json\/wp\/v2\/product_brand?post=31413"},{"taxonomy":"product_cat","embeddable":true,"href":"https:\/\/stage.customhockeysticks.ca\/fr\/wp-json\/wp\/v2\/product_cat?post=31413"},{"taxonomy":"product_tag","embeddable":true,"href":"https:\/\/stage.customhockeysticks.ca\/fr\/wp-json\/wp\/v2\/product_tag?post=31413"}],"curies":[{"name":"wp","href":"https:\/\/api.w.org\/{rel}","templated":true}]}}