{"id":25024,"date":"2023-06-13T15:22:59","date_gmt":"2023-06-13T19:22:59","guid":{"rendered":"https:\/\/stage.customhockeysticks.ca\/product\/rocketgrips\/"},"modified":"2025-09-21T23:56:15","modified_gmt":"2025-09-22T03:56:15","slug":"rocketgrips","status":"publish","type":"product","link":"https:\/\/stage.customhockeysticks.ca\/fr\/produit\/rocketgrips\/","title":{"rendered":"RocketGrips"},"content":{"rendered":"","protected":false},"excerpt":{"rendered":"<p>RocketGrip est une poign\u00e9e facilement applicable qui am\u00e9liore la fa\u00e7on dont vous manipulez votre b\u00e2ton de hockey personnalis\u00e9. Gagnez en contr\u00f4le et en agilit\u00e9 par rapport \u00e0 ruban traditionnelle. Les RocketGrips n&rsquo;utilisent pas de colle, donc fini les gants collants ! Disponible dans de nombreuses couleurs et mati\u00e8res. Achetez RocketGrips avec vos b\u00e2tons de hockey personnalis\u00e9s pour \u00e9conomiser sur les frais d&rsquo;exp\u00e9dition.<\/p>\n<p>Chaque paquet contient :<\/p>\n<p class=\"p1\"><strong>Chaque paquet contient :<\/strong><\/p>\n<ul>\n<li class=\"p1\">1 x RocketGrip<\/li>\n<li class=\"p1\">1 x ruban en caoutchouc<\/li>\n<li class=\"p1\">4 x Anneaux (dans le paquet SR\/Int)<\/li>\n<\/ul>\n","protected":false},"featured_media":24960,"template":"","meta":[],"product_brand":[],"product_cat":[122,120],"product_tag":[],"class_list":{"0":"post-25024","1":"product","2":"type-product","3":"status-publish","4":"has-post-thumbnail","6":"product_cat-cart-fr","7":"product_cat-grips-fr","9":"first","10":"instock","11":"taxable","12":"shipping-taxable","13":"purchasable","14":"product-type-variable"},"wcpa_form_fields":null,"_links":{"self":[{"href":"https:\/\/stage.customhockeysticks.ca\/fr\/wp-json\/wp\/v2\/product\/25024","targetHints":{"allow":["GET"]}}],"collection":[{"href":"https:\/\/stage.customhockeysticks.ca\/fr\/wp-json\/wp\/v2\/product"}],"about":[{"href":"https:\/\/stage.customhockeysticks.ca\/fr\/wp-json\/wp\/v2\/types\/product"}],"version-history":[{"count":0,"href":"https:\/\/stage.customhockeysticks.ca\/fr\/wp-json\/wp\/v2\/product\/25024\/revisions"}],"wp:featuredmedia":[{"embeddable":true,"href":"https:\/\/stage.customhockeysticks.ca\/fr\/wp-json\/wp\/v2\/media\/24960"}],"wp:attachment":[{"href":"https:\/\/stage.customhockeysticks.ca\/fr\/wp-json\/wp\/v2\/media?parent=25024"}],"wp:term":[{"taxonomy":"product_brand","embeddable":true,"href":"https:\/\/stage.customhockeysticks.ca\/fr\/wp-json\/wp\/v2\/product_brand?post=25024"},{"taxonomy":"product_cat","embeddable":true,"href":"https:\/\/stage.customhockeysticks.ca\/fr\/wp-json\/wp\/v2\/product_cat?post=25024"},{"taxonomy":"product_tag","embeddable":true,"href":"https:\/\/stage.customhockeysticks.ca\/fr\/wp-json\/wp\/v2\/product_tag?post=25024"}],"curies":[{"name":"wp","href":"https:\/\/api.w.org\/{rel}","templated":true}]}}