{"id":17867,"date":"2022-06-20T14:17:04","date_gmt":"2022-06-20T18:17:04","guid":{"rendered":"https:\/\/stage.customhockeysticks.ca\/?post_type=product&#038;p=17867"},"modified":"2025-02-28T13:20:31","modified_gmt":"2025-02-28T18:20:31","slug":"grc-hommage-custom-hockey-stick-gardien","status":"publish","type":"product","link":"https:\/\/stage.customhockeysticks.ca\/fr\/produit\/grc-hommage-custom-hockey-stick-gardien\/","title":{"rendered":"GRC Hommage Custom Hockey Stick &#8211; Gardien"},"content":{"rendered":"","protected":false},"excerpt":{"rendered":"","protected":false},"featured_media":15535,"template":"","meta":[],"product_brand":[],"product_cat":[85,111],"product_tag":[],"class_list":{"0":"post-17867","1":"product","2":"type-product","3":"status-publish","4":"has-post-thumbnail","6":"product_cat-produits-des-associations","7":"product_cat-rcmp-fr","8":"wcpa_has_options","10":"first","11":"instock","12":"taxable","13":"shipping-taxable","14":"purchasable","15":"product-type-simple"},"wcpa_form_fields":{"wcpaData":{"product":{"product_price":265,"price_html":"<span class=\"woocommerce-Price-amount amount\"><bdi><span class=\"woocommerce-Price-currencySymbol\">&#36;<\/span>265.00&nbsp;CAD<\/bdi><\/span>","original_product_price":265,"price_including_tax":304.68000000000000682121026329696178436279296875,"price_excluding_tax":265,"product_id":{"parent":17867,"variation":false},"is_variable":false,"stock_status":"instock","stock_quantity":null,"parent_sku":"CHS-RCMP-Tribute-Custom-Stick-Goalie","product_attributes":[],"custom_fields":[],"is_taxable":true,"product_name":"GRC Hommage Custom Hockey Stick - Gardien","hasImage":false},"fields":{"sec_564ac3fd5e1802":{"extra":{"key":"sec_564ac3fd5e1802","section_id":"sec_564ac3fd5e1802","name":"Default","status":1,"cl_rule":"show","enableCl":false,"relations":[],"toggle":true,"title_tag":"h3","show_title":false,"showPrice":"default","form_id":17983,"form_rules":{"exclude_from_discount":false,"fee_label":"Fee","disp_hide_options_price":false,"disp_show_section_price":false,"disp_show_field_price":false,"layout_option":"standard","pric_use_as_fee":false,"process_fee_as":"woo_fee"},"layout_option":"standard"},"fields":[[{"type":"content","subtype":"div","label":"","elementId":"wcpa-paragraph-1656092130521","pricingType":"fixed","cl_rule":"show","col":6,"relations":false,"active":true,"tooltip":"","value":"Ce b\u00e2ton de gardien magnifiquement fabriqu\u00e9 \u00e0 la main est une excellente pi\u00e8ce de collection. Si vous cherchez un cadeau unique \u00e0 accrocher au mur, c'est celui-l\u00e0. Bien que vous puissiez toujours bloquer les coups frapp\u00e9s avec, les personnalisations sont limit\u00e9es car ce b\u00e2ton de hockey est principalement destin\u00e9 \u00e0 l'affichage.","name":"wcpa-paragraph-1656092130521","contentType":"plain","gt_translate_keys":["label","value","tooltip"],"price_dependency":false,"cl_dependency":false}],[{"type":"separator","elementId":"wcpa-separator-1656092166742","cl_rule":"show","col":6,"relations":false,"active":true,"tooltip":"","gt_translate_keys":["tooltip"],"price_dependency":false,"cl_dependency":false,"value":""}],[{"type":"radio-group","required":true,"elementId":"wcpa-radio-group-61a5890bbda15","label":"C\u00f4t\u00e9","inline":true,"priceOptions":"different_for_all","pricingType":"fixed","name":"radio-group-61a5890bbda1b","other_text":"Other","cl_rule":"show","col":6,"values":[{"label":"Gauche","value":"Left","price":"","pimage":"","pimage_id":"","pthumb":"","gt_translate_keys":["label"]},{"label":"Droit","value":"Right","price":"","pimage":"","pimage_id":"","pthumb":"","gt_translate_keys":["label"]}],"relations":false,"active":true,"tooltip":"","layOut":"inline","checkUi":"button","error":false,"gt_translate_keys":["label","tooltip"],"price_dependency":false,"cl_dependency":["wcpa-paragraph-1666056003493","wcpa-paragraph-1666056025494"],"value":""}],[{"type":"content","subtype":"div","label":"","elementId":"wcpa-paragraph-1666056003493","pricingType":"fixed","enableCl":true,"cl_rule":"show","cl_val":"Left","col":6,"relations":[{"operator":false,"rules":[{"operator":false,"rules":{"cl_field":"wcpa-radio-group-61a5890bbda15","cl_relation":"is","cl_val":"Left"}}]}],"active":true,"tooltip":"","value":"<i class=\"fas fa-exclamation-triangle\"><\/i> Tient le b\u00e2ton avec la main droite et le gant d\u2019attrapage est dans la main gauche = c\u00f4t\u00e9 gauche.<p><a href=\"#cotejouer\"><strong>V\u00e9rifiez votre c\u00f4t\u00e9 joueur ici<\/strong><\/a><\/p>","name":"wcpa-paragraph-1666056003493","contentType":"plain","gt_translate_keys":["label","value","tooltip"],"price_dependency":false,"cl_dependency":false}],[{"type":"content","subtype":"div","label":"","elementId":"wcpa-paragraph-1666056025494","pricingType":"fixed","enableCl":true,"cl_rule":"show","cl_val":"Right","col":6,"relations":[{"operator":false,"rules":[{"operator":false,"rules":{"cl_field":"wcpa-radio-group-61a5890bbda15","cl_relation":"is","cl_val":"Right"}}]}],"active":true,"tooltip":"","value":"<i class=\"fas fa-exclamation-triangle\"><\/i> Tient le b\u00e2ton avec la main gauche et le gant d\u2019attrapage est dans la main droite = c\u00f4t\u00e9 droit.<p><a href=\"#cotejouer\"><strong>V\u00e9rifiez votre c\u00f4t\u00e9 joueur ici<\/strong><\/a><\/p>","name":"wcpa-paragraph-1666056025494","contentType":"plain","gt_translate_keys":["label","value","tooltip"],"price_dependency":false,"cl_dependency":false}],[{"type":"radio-group","required":true,"elementId":"wcpa-radio-group-1646359970941","label":"Hauteur de palette","inline":true,"enablePrice":true,"priceOptions":"different_for_all","pricingType":"fixed","name":"radio-group-1646359970940","other_text":"Other","cl_rule":"show","col":6,"values":[{"label":"26\"","value":"26\"","price":"","pimage":"","pimage_id":"","pthumb":"","selected":true,"gt_translate_keys":["label"]}],"relations":[{"operator":false,"rules":[]}],"price":0,"active":true,"tooltip":"","layOut":"inline","checkUi":"button","error":false,"gt_translate_keys":["label","tooltip"],"price_dependency":false,"cl_dependency":false,"value":""}],[{"type":"radio-group","required":true,"elementId":"wcpa-radio-group-61a5890bbda30","label":"Courbe","inline":true,"enablePrice":true,"priceOptions":"different_for_all","pricingType":"fixed","name":"radio-group-61a5890bbda34","other_text":"Other","cl_rule":"show","cl_val":"Left","col":6,"values":[{"label":"CHS31","value":"CHS31","price":"","pimage":"","pimage_id":"","pthumb":"","selected":true,"gt_translate_keys":["label"]}],"relations":[{"operator":false,"rules":[{"operator":false,"rules":{"cl_field":"wcpa-radio-group-61a5890bbda15","cl_relation":"is","cl_val":"Left"}}]}],"price":0,"active":true,"tooltip":"","layOut":"inline","checkUi":"button","error":false,"gt_translate_keys":["label","tooltip"],"price_dependency":false,"cl_dependency":false,"value":""}],[{"type":"text","required":true,"elementId":"wcpa-text-61a5890bbda74","label":"Nom \u00e0 imprimer sur votre b\u00e2ton","description":"","desc_type":true,"placeholder":"Nom","pricingType":"fixed","name":"text-61a5890bbda77","subtype":"text","cl_rule":"show","cl_val":"Left","col":6,"relations":[{"operator":false,"rules":[{"operator":false,"rules":{"cl_field":"wcpa-radio-group-61a5890bbda15","cl_relation":"is","cl_val":"Left"}}]}],"active":true,"tooltip":"15 caract\u00e8res maximum. Nom, courbe et le flex sont automatiquement imprim\u00e9s sur tous nos b\u00e2tons. CHS a le droit de retirer votre nom de vos b\u00e2tons si des blasph\u00e8mes sont utilis\u00e9s.","gt_translate_keys":["label","placeholder","description","tooltip"],"price_dependency":false,"cl_dependency":false,"value":""}]]}},"config":{"price_override":"","enable_recaptcha":false,"bind_quantity":false,"quantity_bind_formula":false,"disp_summ_show_option_price":false,"disp_summ_show_product_price":false,"disp_summ_show_total_price":true,"disp_summ_show_fee":false,"disp_summ_show_discount":false,"summary_title":"","options_total_label":"Options Price","total_label":"Total","options_product_label":"Product Price","fee_label":"Fee","discount_label":"Discount","has_price":true,"has_quantity_formula":false},"mc_unit":1,"tax_rate":1,"tax_rate_real":0.149749999999999994226840271949185989797115325927734375,"discount":{"percentage":0,"fixed":0},"design":{"conf":{"LabelPosition":"above","DescPosition":"above","UploadField":"custom_1","QuantityFieldStyle":"default"},"css":{"LeftLabelWidth":"120px"}},"formulas":[],"lookuptables":[],"clones":false,"cartKey":false}},"_links":{"self":[{"href":"https:\/\/stage.customhockeysticks.ca\/fr\/wp-json\/wp\/v2\/product\/17867","targetHints":{"allow":["GET"]}}],"collection":[{"href":"https:\/\/stage.customhockeysticks.ca\/fr\/wp-json\/wp\/v2\/product"}],"about":[{"href":"https:\/\/stage.customhockeysticks.ca\/fr\/wp-json\/wp\/v2\/types\/product"}],"version-history":[{"count":1,"href":"https:\/\/stage.customhockeysticks.ca\/fr\/wp-json\/wp\/v2\/product\/17867\/revisions"}],"predecessor-version":[{"id":41304,"href":"https:\/\/stage.customhockeysticks.ca\/fr\/wp-json\/wp\/v2\/product\/17867\/revisions\/41304"}],"wp:featuredmedia":[{"embeddable":true,"href":"https:\/\/stage.customhockeysticks.ca\/fr\/wp-json\/wp\/v2\/media\/15535"}],"wp:attachment":[{"href":"https:\/\/stage.customhockeysticks.ca\/fr\/wp-json\/wp\/v2\/media?parent=17867"}],"wp:term":[{"taxonomy":"product_brand","embeddable":true,"href":"https:\/\/stage.customhockeysticks.ca\/fr\/wp-json\/wp\/v2\/product_brand?post=17867"},{"taxonomy":"product_cat","embeddable":true,"href":"https:\/\/stage.customhockeysticks.ca\/fr\/wp-json\/wp\/v2\/product_cat?post=17867"},{"taxonomy":"product_tag","embeddable":true,"href":"https:\/\/stage.customhockeysticks.ca\/fr\/wp-json\/wp\/v2\/product_tag?post=17867"}],"curies":[{"name":"wp","href":"https:\/\/api.w.org\/{rel}","templated":true}]}}