{"id":17862,"date":"2022-06-20T14:10:18","date_gmt":"2022-06-20T18:10:18","guid":{"rendered":"https:\/\/stage.customhockeysticks.ca\/?post_type=product&#038;p=17862"},"modified":"2025-02-28T13:20:48","modified_gmt":"2025-02-28T18:20:48","slug":"rcmp-pro-hockey-stick-gardien","status":"publish","type":"product","link":"https:\/\/stage.customhockeysticks.ca\/fr\/produit\/rcmp-pro-hockey-stick-gardien\/","title":{"rendered":"GRC Pro Custom Hockey Stick &#8211; Gardien"},"content":{"rendered":"","protected":false},"excerpt":{"rendered":"","protected":false},"featured_media":15535,"template":"","meta":[],"product_brand":[],"product_cat":[85,111],"product_tag":[],"class_list":{"0":"post-17862","1":"product","2":"type-product","3":"status-publish","4":"has-post-thumbnail","6":"product_cat-produits-des-associations","7":"product_cat-rcmp-fr","8":"wcpa_has_options","10":"first","11":"instock","12":"taxable","13":"shipping-taxable","14":"purchasable","15":"product-type-simple"},"wcpa_form_fields":{"wcpaData":{"product":{"product_price":300,"price_html":"<span class=\"woocommerce-Price-amount amount\"><bdi><span class=\"woocommerce-Price-currencySymbol\">&#36;<\/span>300.00&nbsp;CAD<\/bdi><\/span>","original_product_price":300,"price_including_tax":344.93000000000000682121026329696178436279296875,"price_excluding_tax":300,"product_id":{"parent":17862,"variation":false},"is_variable":false,"stock_status":"instock","stock_quantity":null,"parent_sku":"CHS-RCMP-Pro-Custom-Stick-Goalie","product_attributes":[],"custom_fields":[],"is_taxable":true,"product_name":"GRC Pro Custom Hockey Stick - Gardien","hasImage":false},"fields":{"sec_264ac3fd7dc86d":{"extra":{"key":"sec_264ac3fd7dc86d","section_id":"sec_264ac3fd7dc86d","name":"Default","status":1,"cl_rule":"show","enableCl":false,"relations":[],"toggle":true,"title_tag":"h3","show_title":false,"showPrice":"default","form_id":17980,"form_rules":{"exclude_from_discount":false,"fee_label":"Fee","disp_hide_options_price":false,"disp_show_section_price":false,"disp_show_field_price":false,"layout_option":"standard","pric_use_as_fee":false,"process_fee_as":"woo_fee"},"layout_option":"standard"},"fields":[[{"type":"content","subtype":"div","label":"","elementId":"wcpa-paragraph-1656092215736","pricingType":"fixed","cl_rule":"show","col":6,"relations":false,"active":true,"tooltip":"","value":"Alliant style et qualit\u00e9 de niveau professionnel, ces b\u00e2tons de gardien senior et interm\u00e9diaire sont fabriqu\u00e9s en standard avec de la fibre de carbone 24K, vous offrant une r\u00e9sistance suppl\u00e9mentaire contre vos concurrents.","name":"wcpa-paragraph-1656092215736","contentType":"plain","gt_translate_keys":["label","value","tooltip"],"price_dependency":false,"cl_dependency":false}],[{"type":"separator","elementId":"wcpa-separator-1656092220703","cl_rule":"show","col":6,"relations":false,"active":true,"tooltip":"","gt_translate_keys":["tooltip"],"price_dependency":false,"cl_dependency":false,"value":""}],[{"type":"radio-group","required":true,"elementId":"wcpa-radio-group-61a5890bbda15","label":"C\u00f4t\u00e9","inline":true,"priceOptions":"different_for_all","pricingType":"fixed","name":"radio-group-61a5890bbda1b","other_text":"Other","cl_rule":"show","col":6,"values":[{"label":"Gauche","value":"Left","price":"","pimage":"","pimage_id":"","pthumb":"","tooltip":"Shoots and passes on the left. Holds stick with the right blocker hand. Goalie glove is in the left hand = Left handed stick","gt_translate_keys":["label","tooltip"]},{"label":"Droit","value":"Right","price":"","pimage":"","pimage_id":"","pthumb":"","tooltip":"Shoots and passes on the right. Holds stick with the left blocker hand. Goalie glove is in the right hand = Right handed stick","gt_translate_keys":["label","tooltip"]}],"relations":false,"active":true,"tooltip":"","layOut":"inline","checkUi":"button","error":false,"gt_translate_keys":["label","tooltip"],"price_dependency":false,"cl_dependency":["wcpa-paragraph-1666055108616","wcpa-paragraph-1666055139605"],"value":""}],[{"type":"content","subtype":"div","label":"","elementId":"wcpa-paragraph-1666055108616","pricingType":"fixed","enableCl":true,"cl_rule":"show","cl_val":"Left","col":6,"relations":[{"operator":false,"rules":[{"operator":false,"rules":{"cl_field":"wcpa-radio-group-61a5890bbda15","cl_relation":"is","cl_val":"Left"}}]}],"active":true,"tooltip":"","value":"<i class=\"fas fa-exclamation-triangle\"><\/i> Tient le b\u00e2ton avec la main droite et le gant d\u2019attrapage est dans la main gauche = c\u00f4t\u00e9 gauche.<p><a href=\"#cotejouer\"><strong>V\u00e9rifiez votre c\u00f4t\u00e9 joueur ici<\/strong><\/a><\/p>","name":"wcpa-paragraph-1666055108616","contentType":"plain","gt_translate_keys":["label","value","tooltip"],"price_dependency":false,"cl_dependency":false}],[{"type":"content","subtype":"div","label":"","elementId":"wcpa-paragraph-1666055139605","pricingType":"fixed","enableCl":true,"cl_rule":"show","cl_val":"Right","col":6,"relations":[{"operator":false,"rules":[{"operator":false,"rules":{"cl_field":"wcpa-radio-group-61a5890bbda15","cl_relation":"is","cl_val":"Right"}}]}],"active":true,"tooltip":"","value":"<i class=\"fas fa-exclamation-triangle\"><\/i> Tient le b\u00e2ton avec la main gauche et le gant d\u2019attrapage est dans la main droite = c\u00f4t\u00e9 droit.<p><a href=\"#cotejouer\"><strong>V\u00e9rifiez votre c\u00f4t\u00e9 joueur ici<\/strong><\/a><\/p>","name":"wcpa-paragraph-1666055139605","contentType":"plain","gt_translate_keys":["label","value","tooltip"],"price_dependency":false,"cl_dependency":false}],[{"type":"radio-group","required":true,"elementId":"wcpa-radio-group-61a5890bbda20","label":"Niveau du joueur","inline":true,"enablePrice":true,"priceOptions":"different_for_all","pricingType":"fixed","name":"radio-group-61a5890bbda25","options_tooltip":true,"other_text":"Other","cl_rule":"show","cl_val":"Left","col":6,"values":[{"label":"Senior","value":"Senior","price":"","pimage":"","pimage_id":"","pthumb":"","tooltip":"Circonf\u00e9rence du b\u00e2ton 92mm=3\u2019\u20192 pouces.","selected":true,"gt_translate_keys":["label","tooltip"]},{"label":"Interm\u00e9diaire","value":"Intermediate","price":"","pimage":"","pimage_id":"","pthumb":"","tooltip":"Circonf\u00e9rence du b\u00e2ton 92mm=3\u2019\u20192 pouces.","gt_translate_keys":["label","tooltip"]}],"relations":[{"operator":false,"rules":[{"operator":false,"rules":{"cl_field":"wcpa-radio-group-61a5890bbda15","cl_relation":"is","cl_val":"Left"}}]}],"price":0,"active":true,"tooltip":"","layOut":"inline","checkUi":"button","error":false,"gt_translate_keys":["label","tooltip"],"price_dependency":false,"cl_dependency":["wcpa-radio-group-1646359969298","wcpa-radio-group-1646359970941"],"value":""}],[{"type":"radio-group","required":true,"elementId":"wcpa-radio-group-1646359969298","label":"Hauteur de palette","inline":true,"priceOptions":"different_for_all","pricingType":"fixed","name":"radio-group-1646359969297","other_text":"Other","enableCl":true,"cl_rule":"show","cl_val":"Intermediate","col":6,"values":[{"label":"24\"","value":"24\"","price":"","pimage":"","pimage_id":"","pthumb":"","gt_translate_keys":["label"]},{"label":"25\"","value":"25\"","price":"","pimage":"","pimage_id":"","pthumb":"","gt_translate_keys":["label"]}],"relations":[{"operator":false,"rules":[{"operator":false,"rules":{"cl_field":"wcpa-radio-group-61a5890bbda20","cl_relation":"is","cl_val":"Intermediate"}}]}],"active":true,"tooltip":"","layOut":"inline","checkUi":"button","error":false,"gt_translate_keys":["label","tooltip"],"price_dependency":false,"cl_dependency":false,"value":""}],[{"type":"radio-group","required":true,"elementId":"wcpa-radio-group-1646359970941","label":"Hauteur de palette","inline":true,"priceOptions":"different_for_all","pricingType":"fixed","name":"radio-group-1646359970940","other_text":"Other","enableCl":true,"cl_rule":"show","cl_val":"Senior","col":6,"values":[{"label":"24\"","value":"24\"","price":"","pimage":"","pimage_id":"","pthumb":"","gt_translate_keys":["label"]},{"label":"25\"","value":"25\"","price":"","pimage":"","pimage_id":"","pthumb":"","gt_translate_keys":["label"]},{"label":"26\"","value":"26\"","price":"","pimage":"","pimage_id":"","pthumb":"","gt_translate_keys":["label"]}],"relations":[{"operator":false,"rules":[{"operator":false,"rules":{"cl_field":"wcpa-radio-group-61a5890bbda20","cl_relation":"is","cl_val":"Senior"}}]}],"active":true,"tooltip":"","layOut":"inline","checkUi":"button","error":false,"gt_translate_keys":["label","tooltip"],"price_dependency":false,"cl_dependency":false,"value":""}],[{"type":"radio-group","required":true,"elementId":"wcpa-radio-group-61a5890bbda30","label":"Courbe","inline":true,"priceOptions":"different_for_all","pricingType":"fixed","name":"radio-group-61a5890bbda34","other_text":"Other","cl_rule":"show","cl_val":"Left","col":6,"values":[{"label":"CHS31","value":"CHS31","price":"","pimage":"","pimage_id":"","pthumb":"","selected":true,"gt_translate_keys":["label"]}],"relations":[{"operator":false,"rules":[{"operator":false,"rules":{"cl_field":"wcpa-radio-group-61a5890bbda15","cl_relation":"is","cl_val":"Left"}}]}],"active":true,"tooltip":"","layOut":"inline","checkUi":"button","error":false,"gt_translate_keys":["label","tooltip"],"price_dependency":false,"cl_dependency":false,"value":""}],[{"type":"radio-group","required":true,"elementId":"wcpa-radio-group-61a5890bbda38","label":"L\u2019inclinaison du b\u00e2ton (lie)","inline":true,"priceOptions":"different_for_all","pricingType":"fixed","name":"radio-group-61a5890bbda3c","other_text":"Other","cl_rule":"show","cl_val":"Left","operator":"and","col":6,"values":[{"label":"14","value":"14","price":"","pimage":"","pimage_id":"","pthumb":"","selected":true,"gt_translate_keys":["label"]}],"relations":[{"operator":false,"rules":[{"operator":"and","rules":{"cl_field":"wcpa-radio-group-61a5890bbda30","cl_relation":"is","cl_val":"CHS31"}},{"operator":false,"rules":{"cl_field":"wcpa-radio-group-61a5890bbda15","cl_relation":"is","cl_val":"Left"}}]}],"active":true,"tooltip":"","layOut":"inline","checkUi":"button","error":false,"gt_translate_keys":["label","tooltip"],"price_dependency":false,"cl_dependency":false,"value":""}],[{"type":"radio-group","required":true,"elementId":"wcpa-radio-group-61a5890bbda40","label":"Prise","inline":true,"priceOptions":"different_for_all","pricingType":"fixed","name":"radio-group-61a5890bbda43","other_text":"Other","cl_rule":"show","cl_val":"Left","col":6,"values":[{"label":"Sans","value":"None","price":"","pimage":"","pimage_id":"","pthumb":"","gt_translate_keys":["label"]},{"label":"Avec","value":"With","price":"","pimage":"","pimage_id":"","pthumb":"","gt_translate_keys":["label"]}],"relations":[{"operator":false,"rules":[{"operator":false,"rules":{"cl_field":"wcpa-radio-group-61a5890bbda15","cl_relation":"is","cl_val":"Left"}}]}],"active":true,"tooltip":"","layOut":"inline","checkUi":"button","error":false,"gt_translate_keys":["label","tooltip"],"price_dependency":false,"cl_dependency":["wcpa-radio-group-61a5890bbda47","wcpa-radio-group-61a5890bbda4f"],"value":""}],[{"type":"radio-group","required":true,"elementId":"wcpa-radio-group-61a5890bbda47","label":"Fini du b\u00e2ton","inline":true,"priceOptions":"different_for_all","pricingType":"fixed","name":"radio-group-61a5890bbda4b","other_text":"Other","enableCl":true,"cl_rule":"show","cl_val":"With","col":6,"values":[{"label":"Gloss","value":"Gloss","price":"","pimage":"","pimage_id":"","pthumb":"","selected":true,"gt_translate_keys":["label"]}],"relations":[{"operator":false,"rules":[{"operator":false,"rules":{"cl_field":"wcpa-radio-group-61a5890bbda40","cl_relation":"is","cl_val":"With"}}]}],"active":true,"tooltip":"","layOut":"inline","checkUi":"button","error":false,"gt_translate_keys":["label","tooltip"],"price_dependency":false,"cl_dependency":false,"value":""}],[{"type":"radio-group","required":true,"elementId":"wcpa-radio-group-61a5890bbda4f","label":"Fini du b\u00e2ton","inline":true,"priceOptions":"different_for_all","pricingType":"fixed","name":"radio-group-61a5890bbda53","other_text":"Other","enableCl":true,"cl_rule":"show","cl_val":"None","col":6,"values":[{"label":"Matte","value":"Matte","price":"","pimage":"","pimage_id":"","pthumb":"","selected":true,"gt_translate_keys":["label"]}],"relations":[{"operator":false,"rules":[{"operator":false,"rules":{"cl_field":"wcpa-radio-group-61a5890bbda40","cl_relation":"is","cl_val":"None"}}]}],"active":true,"tooltip":"","layOut":"inline","checkUi":"button","error":false,"gt_translate_keys":["label","tooltip"],"price_dependency":false,"cl_dependency":false,"value":""}],[{"type":"radio-group","required":true,"elementId":"wcpa-radio-group-1646360226500","label":"Trigger Grip","description":"","desc_type":true,"inline":true,"enablePrice":true,"priceOptions":"different_for_all","pricingType":"fixed","name":"radio-group-1646360226497","other_text":"Other","cl_rule":"show","cl_val":"Left","col":6,"values":[{"label":"Sans","value":"None","price":"","pimage":"","pimage_id":"","pthumb":"","gt_translate_keys":["label"]},{"label":"Avec","value":"With","price":"15","pimage":"","pimage_id":"","pthumb":"","gt_translate_keys":["label"]}],"relations":[{"operator":false,"rules":[{"operator":false,"rules":{"cl_field":"wcpa-radio-group-61a5890bbda15","cl_relation":"is","cl_val":"Left"}}]}],"price":0,"active":true,"tooltip":"Ajoute un retrait en haut de la palette pour un meilleur contr\u00f4le.","layOut":"inline","checkUi":"button","error":false,"gt_translate_keys":["label","description","tooltip"],"price_dependency":false,"cl_dependency":false,"value":""}],[{"type":"radio-group","required":true,"elementId":"wcpa-radio-group-61a5890bbda56","label":"Type de fibre de carbone","inline":true,"priceOptions":"different_for_all","pricingType":"fixed","name":"radio-group-61a5890bbda5a","options_tooltip":true,"other_text":"Other","cl_rule":"show","cl_val":"Left","col":6,"values":[{"label":"24K","value":"24K","price":"0","pimage":"","pimage_id":"","pthumb":"","tooltip":"Il y a 24 000 filaments de fibre de carbone tiss\u00e9s, ce qui donne le plus grand motif en damier. C'est notre b\u00e2ton de hockey en fibre de carbone le plus solide.","selected":true,"gt_translate_keys":["label","tooltip"]}],"relations":[{"operator":false,"rules":[{"operator":false,"rules":{"cl_field":"wcpa-radio-group-61a5890bbda15","cl_relation":"is","cl_val":"Left"}}]}],"active":true,"tooltip":"","layOut":"inline","checkUi":"button","error":false,"gt_translate_keys":["label","tooltip"],"price_dependency":false,"cl_dependency":false,"value":""}],[{"type":"radio-group","required":true,"elementId":"wcpa-radio-group-1646857859301","label":"Poids du b\u00e2ton","inline":true,"enablePrice":true,"priceOptions":"different_for_all","pricingType":"fixed","name":"radio-group-1646857859300","other_text":"Other","cl_rule":"show","cl_val":"Senior","col":6,"values":[{"label":"Normal 720\u00b130g","value":"Normal 720\u00b130g","price":"","pimage":"","pimage_id":"","pthumb":"","selected":true,"gt_translate_keys":["label"]}],"relations":[{"operator":false,"rules":[{"operator":false,"rules":{"cl_field":"wcpa-radio-group-61a5890bbda20","cl_relation":"is","cl_val":"Senior"}}]}],"price":0,"active":true,"tooltip":"","layOut":"inline","checkUi":"button","error":false,"gt_translate_keys":["label","tooltip"],"price_dependency":false,"cl_dependency":false,"value":""}],[{"type":"text","required":true,"elementId":"wcpa-text-61a5890bbda74","label":"Nom \u00e0 imprimer sur votre b\u00e2ton","description":"","desc_type":true,"placeholder":"Nom","pricingType":"fixed","name":"text-61a5890bbda77","subtype":"text","cl_rule":"show","cl_val":"Left","col":6,"relations":[{"operator":false,"rules":[{"operator":false,"rules":{"cl_field":"wcpa-radio-group-61a5890bbda15","cl_relation":"is","cl_val":"Left"}}]}],"active":true,"tooltip":"15 caract\u00e8res maximum. Nom, courbe et le flex sont automatiquement imprim\u00e9s sur tous nos b\u00e2tons. CHS a le droit de retirer votre nom de vos b\u00e2tons si des blasph\u00e8mes sont utilis\u00e9s.","error":false,"gt_translate_keys":["label","placeholder","description","tooltip"],"price_dependency":false,"cl_dependency":false,"value":""}]]}},"config":{"price_override":"","enable_recaptcha":false,"bind_quantity":false,"quantity_bind_formula":false,"disp_summ_show_option_price":false,"disp_summ_show_product_price":false,"disp_summ_show_total_price":true,"disp_summ_show_fee":false,"disp_summ_show_discount":false,"summary_title":"","options_total_label":"Options Price","total_label":"Total","options_product_label":"Product Price","fee_label":"Fee","discount_label":"Discount","has_price":true,"has_quantity_formula":false},"mc_unit":1,"tax_rate":1,"tax_rate_real":0.149749999999999994226840271949185989797115325927734375,"discount":{"percentage":0,"fixed":0},"design":{"conf":{"LabelPosition":"above","DescPosition":"above","UploadField":"custom_1","QuantityFieldStyle":"default"},"css":{"LeftLabelWidth":"120px"}},"formulas":[],"lookuptables":[],"clones":false,"cartKey":false}},"_links":{"self":[{"href":"https:\/\/stage.customhockeysticks.ca\/fr\/wp-json\/wp\/v2\/product\/17862","targetHints":{"allow":["GET"]}}],"collection":[{"href":"https:\/\/stage.customhockeysticks.ca\/fr\/wp-json\/wp\/v2\/product"}],"about":[{"href":"https:\/\/stage.customhockeysticks.ca\/fr\/wp-json\/wp\/v2\/types\/product"}],"version-history":[{"count":1,"href":"https:\/\/stage.customhockeysticks.ca\/fr\/wp-json\/wp\/v2\/product\/17862\/revisions"}],"predecessor-version":[{"id":41305,"href":"https:\/\/stage.customhockeysticks.ca\/fr\/wp-json\/wp\/v2\/product\/17862\/revisions\/41305"}],"wp:featuredmedia":[{"embeddable":true,"href":"https:\/\/stage.customhockeysticks.ca\/fr\/wp-json\/wp\/v2\/media\/15535"}],"wp:attachment":[{"href":"https:\/\/stage.customhockeysticks.ca\/fr\/wp-json\/wp\/v2\/media?parent=17862"}],"wp:term":[{"taxonomy":"product_brand","embeddable":true,"href":"https:\/\/stage.customhockeysticks.ca\/fr\/wp-json\/wp\/v2\/product_brand?post=17862"},{"taxonomy":"product_cat","embeddable":true,"href":"https:\/\/stage.customhockeysticks.ca\/fr\/wp-json\/wp\/v2\/product_cat?post=17862"},{"taxonomy":"product_tag","embeddable":true,"href":"https:\/\/stage.customhockeysticks.ca\/fr\/wp-json\/wp\/v2\/product_tag?post=17862"}],"curies":[{"name":"wp","href":"https:\/\/api.w.org\/{rel}","templated":true}]}}