{"id":15902,"date":"2022-04-16T13:33:11","date_gmt":"2022-04-16T17:33:11","guid":{"rendered":"https:\/\/stage.customhockeysticks.ca\/?post_type=product&#038;p=15902"},"modified":"2025-02-28T13:21:33","modified_gmt":"2025-02-28T18:21:33","slug":"grc-junior-custom-hockey-stick","status":"publish","type":"product","link":"https:\/\/stage.customhockeysticks.ca\/fr\/produit\/grc-junior-custom-hockey-stick\/","title":{"rendered":"GRC Junior Custom Hockey Stick"},"content":{"rendered":"","protected":false},"excerpt":{"rendered":"","protected":false},"featured_media":15535,"template":"","meta":[],"product_brand":[],"product_cat":[85,111],"product_tag":[],"class_list":{"0":"post-15902","1":"product","2":"type-product","3":"status-publish","4":"has-post-thumbnail","6":"product_cat-produits-des-associations","7":"product_cat-rcmp-fr","8":"wcpa_has_options","10":"first","11":"instock","12":"taxable","13":"shipping-taxable","14":"purchasable","15":"product-type-simple"},"wcpa_form_fields":{"wcpaData":{"product":{"product_price":200,"price_html":"<span class=\"woocommerce-Price-amount amount\"><bdi><span class=\"woocommerce-Price-currencySymbol\">&#36;<\/span>200.00&nbsp;CAD<\/bdi><\/span>","original_product_price":200,"price_including_tax":229.94999999999998863131622783839702606201171875,"price_excluding_tax":200,"product_id":{"parent":15902,"variation":false},"is_variable":false,"stock_status":"instock","stock_quantity":null,"parent_sku":"CHS-RCMP-Junior-Custom-Stick","product_attributes":[],"custom_fields":[],"is_taxable":true,"product_name":"GRC Junior Custom Hockey Stick","hasImage":false},"fields":{"sec_264ac3fdd8eeb5":{"extra":{"key":"sec_264ac3fdd8eeb5","section_id":"sec_264ac3fdd8eeb5","name":"Default","status":1,"cl_rule":"show","enableCl":false,"relations":[],"toggle":true,"title_tag":"h3","show_title":false,"showPrice":"default","form_id":16253,"form_rules":{"exclude_from_discount":false,"fee_label":"Fee","disp_hide_options_price":false,"disp_show_section_price":false,"disp_show_field_price":false,"layout_option":"standard","pric_use_as_fee":false,"process_fee_as":"woo_fee"},"layout_option":"standard"},"fields":[[{"type":"content","subtype":"div","label":"","elementId":"wcpa-paragraph-1650938795652","pricingType":"fixed","cl_rule":"show","col":6,"relations":false,"active":true,"tooltip":"","value":"Le b\u00e2ton de hockey Stylized Carbon Mix Junior est une excellente option pour vos enfants qui d\u00e9butent leur parcours de hockey! Ce sont d\u2019excellents b\u00e2tons de hockey  pour la glace et la rue.","name":"wcpa-paragraph-1650938795652","contentType":"plain","gt_translate_keys":["label","value","tooltip"],"price_dependency":false,"cl_dependency":false}],[{"type":"separator","elementId":"wcpa-separator-1650938805306","cl_rule":"show","col":6,"relations":false,"active":true,"tooltip":"","gt_translate_keys":["tooltip"],"price_dependency":false,"cl_dependency":false,"value":""}],[{"type":"radio-group","required":true,"elementId":"wcpa-radio-group-1581107165462","label":"C\u00f4t\u00e9","inline":true,"priceOptions":"different_for_all","pricingType":"fixed","className":"form-buttons","name":"hand","other_text":"Other","cl_rule":"show","col":6,"values":[{"label":"Gauche","value":"Left","price":"","pimage":"","pimage_id":"","pthumb":"","gt_translate_keys":["label"]},{"label":"Droit","value":"Right","price":"","pimage":"","pimage_id":"","pthumb":"","gt_translate_keys":["label"]}],"relations":false,"active":true,"tooltip":"","layOut":"inline","checkUi":"button","error":false,"gt_translate_keys":["label","tooltip"],"price_dependency":false,"cl_dependency":["wcpa-paragraph-1666571662324","wcpa-paragraph-1666571681370"],"value":""}],[{"type":"content","subtype":"div","label":"","elementId":"wcpa-paragraph-1666571662324","pricingType":"fixed","enableCl":true,"cl_rule":"show","cl_val":"Left","col":6,"relations":[{"operator":false,"rules":[{"operator":false,"rules":{"cl_field":"wcpa-radio-group-1581107165462","cl_relation":"is","cl_val":"Left"}}]}],"active":true,"tooltip":"","value":"<i class=\"fas fa-exclamation-triangle\"><\/i> Tir du poignet et passes du c\u00f4t\u00e9 gauche du corps = tireur du c\u00f4t\u00e9 gauche.<p><a href=\"#cotejouer\"><strong>V\u00e9rifiez votre c\u00f4t\u00e9 joueur ici<\/strong><\/a><\/p>","name":"wcpa-paragraph-1666571662324","contentType":"plain","gt_translate_keys":["label","value","tooltip"],"price_dependency":false,"cl_dependency":false}],[{"type":"content","subtype":"div","label":"","elementId":"wcpa-paragraph-1666571681370","pricingType":"fixed","enableCl":true,"cl_rule":"show","cl_val":"Right","col":6,"relations":[{"operator":false,"rules":[{"operator":false,"rules":{"cl_field":"wcpa-radio-group-1581107165462","cl_relation":"is","cl_val":"Right"}}]}],"active":true,"tooltip":"","value":"<i class=\"fas fa-exclamation-triangle\"><\/i> Tir du poignet et passes du c\u00f4t\u00e9 droit du corps = tireur du c\u00f4t\u00e9 droit.<p><a href=\"#cotejouer\"><strong>V\u00e9rifiez votre c\u00f4t\u00e9 joueur ici<\/strong><\/a><\/p>","name":"wcpa-paragraph-1666571681370","contentType":"plain","gt_translate_keys":["label","value","tooltip"],"price_dependency":false,"cl_dependency":false}],[{"type":"radio-group","required":true,"elementId":"wcpa-radio-group-1593527850536","label":"Mat\u00e9riel de b\u00e2ton","inline":true,"priceOptions":"different_for_all","pricingType":"fixed","className":"stick-material","name":"stick-material","options_tooltip":true,"other_text":"Other","cl_rule":"show","col":6,"values":[{"label":"M\u00e9lange de carbone","value":"Carbon Mix","price":"","pimage":"","pimage_id":"","pthumb":"","tooltip":"M\u00e9lange de graphite de carbone et de fibre de verre. Le poids varie de 260g \u00e0 380g en fonction de la hauteur du b\u00e2ton.","selected":true,"gt_translate_keys":["label","tooltip"]}],"relations":[{"operator":false,"rules":[{"operator":false,"rules":{"cl_field":"0","cl_relation":"is","cl_val":false}}]}],"active":true,"tooltip":"","layOut":"inline","checkUi":"button","error":false,"gt_translate_keys":["label","tooltip"],"price_dependency":false,"cl_dependency":false,"value":""}],[{"type":"radio-group","required":true,"elementId":"wcpa-radio-group-1581129471709","label":"Hauteur \/ Longueur","inline":true,"priceOptions":"different_for_all","pricingType":"fixed","name":"stick-height-junior","other_text":"Other","cl_rule":"show","col":6,"values":[{"label":"48\"","value":"48\"","price":"0","pimage":"","pimage_id":"","pthumb":"","gt_translate_keys":["label"]},{"label":"50\"","value":"50\"","price":"0","pimage":"","pimage_id":"","pthumb":"","gt_translate_keys":["label"]},{"label":"54\"","value":"54\"","price":"","pimage":"","pimage_id":"","pthumb":"","gt_translate_keys":["label"]},{"label":"56\"","value":"56\"","price":"","pimage":"","pimage_id":"","pthumb":"","gt_translate_keys":["label"]}],"relations":[{"operator":false,"rules":[{"operator":false,"rules":{"cl_field":"0","cl_relation":"is","cl_val":false}}]}],"active":true,"tooltip":"","layOut":"inline","checkUi":"button","error":false,"gt_translate_keys":["label","tooltip"],"price_dependency":false,"cl_dependency":false,"value":""}],[{"type":"content","subtype":"div","label":"","elementId":"wcpa-paragraph-1608144628881","pricingType":"fixed","cl_rule":"show","col":6,"relations":false,"active":true,"tooltip":"","value":"<i class=\"fas fa-exclamation-triangle\"><\/i><p><a href=\"#height\"><strong>V\u00e9rifiez votre taille ici<\/strong><\/a><\/p>","name":"wcpa-paragraph-1608144628881","contentType":"plain","gt_translate_keys":["label","value","tooltip"],"price_dependency":false,"cl_dependency":false}],[{"type":"radio-group","required":true,"elementId":"wcpa-radio-group-1581131580331","label":"Courbe","inline":true,"priceOptions":"different_for_all","pricingType":"fixed","name":"stick-curve-junior","other_text":"Other","cl_rule":"show","col":6,"values":[{"label":"CHS28","value":"CHS28","price":"0","pimage":"","pimage_id":"","pthumb":"","gt_translate_keys":["label"]},{"label":"CHS92","value":"CHS92","price":"","pimage":"","pimage_id":"","pthumb":"","gt_translate_keys":["label"]}],"relations":[{"operator":false,"rules":[{"operator":false,"rules":{"cl_field":"0","cl_relation":"is","cl_val":false}}]}],"active":true,"tooltip":"","layOut":"inline","checkUi":"button","error":false,"gt_translate_keys":["label","tooltip"],"price_dependency":false,"cl_dependency":["wcpa-radio-group-1581129110194","wcpa-radio-group-1581129110194"],"value":""}],[{"type":"radio-group","required":true,"elementId":"wcpa-radio-group-1581129110194","label":"L\u2019inclinaison du b\u00e2ton (lie)","inline":true,"priceOptions":"different_for_all","pricingType":"fixed","name":"stick-lie","other_text":"Other","enableCl":true,"cl_rule":"show","cl_val":"CHS92","operator":"or","col":6,"values":[{"label":"5","value":"5","price":"0","pimage":"","pimage_id":"","pthumb":"","selected":true,"gt_translate_keys":["label"]}],"relations":[{"operator":false,"rules":[{"operator":"or","rules":{"cl_field":"wcpa-radio-group-1581131580331","cl_relation":"is","cl_val":"CHS28"}},{"operator":false,"rules":{"cl_field":"wcpa-radio-group-1581131580331","cl_relation":"is","cl_val":"CHS92"}}]}],"active":true,"tooltip":"","layOut":"inline","checkUi":"button","error":false,"gt_translate_keys":["label","tooltip"],"price_dependency":false,"cl_dependency":false,"value":""}],[{"type":"radio-group","required":true,"elementId":"wcpa-radio-group-1581130994786","label":"Flex","inline":true,"priceOptions":"different_for_all","pricingType":"fixed","name":"stick-flex-junior","other_text":"Other","cl_rule":"show","col":6,"values":[{"label":"20","value":"20","price":"0","pimage":"","pimage_id":"","pthumb":"","tempId":"aco_74","gt_translate_keys":["label"]},{"label":"25","value":"25","price":"","pimage":"","pimage_id":"","pthumb":"","tempId":"aco_75","gt_translate_keys":["label"]},{"label":"30","value":"30","price":"","pimage":"","pimage_id":"","pthumb":"","tempId":"aco_76","gt_translate_keys":["label"]},{"label":"35","value":"35","price":"","pimage":"","pimage_id":"","pthumb":"","tempId":"aco_77","gt_translate_keys":["label"]},{"label":"40","value":"40","price":"","pimage":"","pimage_id":"","pthumb":"","tempId":"aco_78","gt_translate_keys":["label"]},{"label":"45","value":"45","price":"","pimage":"","pimage_id":"","pthumb":"","tempId":"aco_79","gt_translate_keys":["label"]},{"label":"50","value":"50","price":"","pimage":"","pimage_id":"","pthumb":"","tempId":"aco_80","gt_translate_keys":["label"]}],"relations":[{"operator":false,"rules":[{"operator":false,"rules":{"cl_field":"0","cl_relation":"is","cl_val":false}}]}],"active":true,"tooltip":"","layOut":"inline","checkUi":"button","error":false,"gt_translate_keys":["label","tooltip"],"price_dependency":false,"cl_dependency":false,"value":""}],[{"type":"radio-group","required":true,"elementId":"wcpa-radio-group-1581131940079","label":"Kick Point","inline":true,"priceOptions":"different_for_all","pricingType":"fixed","name":"radio-group-1581131940074","other_text":"Other","cl_rule":"show","col":6,"values":[{"label":"Mid Kick","value":"Mid Kick","price":"0","pimage":"","pimage_id":"","pthumb":"","selected":true,"gt_translate_keys":["label"]}],"relations":[{"operator":false,"rules":[{"operator":false,"rules":{"cl_field":"0","cl_relation":"is","cl_val":false}}]}],"active":true,"tooltip":"","layOut":"inline","checkUi":"button","error":false,"gt_translate_keys":["label","tooltip"],"price_dependency":false,"cl_dependency":false,"value":""}],[{"type":"content","subtype":"div","label":"","elementId":"wcpa-paragraph-1634404861765","pricingType":"fixed","cl_rule":"show","col":6,"relations":false,"active":true,"tooltip":"","value":"<i class=\"fas fa-exclamation-triangle\"><\/i><p><a href=\"#kickpoint\"><strong>V\u00e9rifiez votre kick point ici<\/strong><\/a><\/p>","name":"wcpa-paragraph-1634404861765","contentType":"plain","gt_translate_keys":["label","value","tooltip"],"price_dependency":false,"cl_dependency":false}],[{"type":"radio-group","required":true,"elementId":"wcpa-radio-group-1581132180669","label":"Prise","inline":true,"priceOptions":"different_for_all","pricingType":"fixed","name":"grip","other_text":"Other","cl_rule":"show","col":6,"values":[{"label":"Sans","value":"None","price":"","pimage":"","pimage_id":"","pthumb":"","gt_translate_keys":["label"]},{"label":"Avec","value":"With","price":"0","pimage":"","pimage_id":"","pthumb":"","gt_translate_keys":["label"]}],"relations":[{"operator":false,"rules":[]}],"active":true,"tooltip":"","layOut":"inline","checkUi":"button","error":false,"gt_translate_keys":["label","tooltip"],"price_dependency":false,"cl_dependency":["wcpa-radio-group-1581132224451","wcpa-radio-group-1581132286368"],"value":""}],[{"type":"radio-group","required":true,"elementId":"wcpa-radio-group-1581132224451","label":"Fini du b\u00e2ton","inline":true,"priceOptions":"different_for_all","pricingType":"fixed","name":"stick-finish-with-grip","other_text":"Other","enableCl":true,"cl_rule":"show","cl_val":"With","col":6,"values":[{"label":"Gloss","value":"Gloss","price":"0","pimage":"","pimage_id":"","pthumb":"","selected":true,"gt_translate_keys":["label"]}],"relations":[{"operator":false,"rules":[{"operator":false,"rules":{"cl_field":"wcpa-radio-group-1581132180669","cl_relation":"is","cl_val":"With"}}]}],"active":true,"tooltip":"","layOut":"inline","checkUi":"button","error":false,"gt_translate_keys":["label","tooltip"],"price_dependency":false,"cl_dependency":false,"value":""}],[{"type":"radio-group","required":true,"elementId":"wcpa-radio-group-1581132286368","label":"Fini du b\u00e2ton","inline":true,"priceOptions":"different_for_all","pricingType":"fixed","name":"stick-finish-without-grip","other_text":"Other","enableCl":true,"cl_rule":"show","cl_val":"None","col":6,"values":[{"label":"Matte","value":"Matte","price":"0","pimage":"","pimage_id":"","pthumb":"","selected":true,"gt_translate_keys":["label"]}],"relations":[{"operator":false,"rules":[{"operator":false,"rules":{"cl_field":"wcpa-radio-group-1581132180669","cl_relation":"is","cl_val":"None"}}]}],"active":true,"tooltip":"","layOut":"inline","checkUi":"button","error":false,"gt_translate_keys":["label","tooltip"],"price_dependency":false,"cl_dependency":false,"value":""}],[{"type":"radio-group","required":true,"elementId":"wcpa-radio-group-1598971799793","label":"Fini de la lame","description":"","desc_type":true,"inline":true,"enablePrice":true,"priceOptions":"different_for_all","pricingType":"fixed","name":"radio-group-1598971799793","options_tooltip":true,"other_text":"Other","cl_rule":"hide","col":6,"values":[{"label":"Normal","value":"Normal","price":"","pimage":"","pimage_id":"","pthumb":"","tooltip":"Normal est la m\u00eame finition que le b\u00e2ton. Par exemple: finition de b\u00e2ton gloss = finition de lame gloss.","selected":true,"gt_translate_keys":["label","tooltip"]},{"label":"Grit","value":"Grit","price":"0","pimage":"","pimage_id":"","pthumb":"","tooltip":"Ajoute une finition de papier de verre en pointill\u00e9 subtile \u00e0 la lame","gt_translate_keys":["label","tooltip"]}],"relations":[{"operator":false,"rules":[]}],"price":0,"active":true,"tooltip":"Ajoutez une texture \u00e0 votre lame.","layOut":"inline","checkUi":"button","error":false,"gt_translate_keys":["label","description","tooltip"],"price_dependency":false,"cl_dependency":false,"value":""}],[{"type":"radio-group","required":true,"elementId":"wcpa-radio-group-1595882431907","label":"Poids du b\u00e2ton","inline":true,"priceOptions":"different_for_all","pricingType":"fixed","name":"radio-group-1595882431907","other_text":"Other","cl_rule":"show","operator":"and","cl_val":"Carbon Mix","col":6,"values":[{"label":"Normal 230-310g","value":"Normal 230-310g","price":"","pimage":"","pimage_id":"","pthumb":"","selected":true,"gt_translate_keys":["label"]}],"relations":[{"operator":false,"rules":[{"operator":"and","rules":{"cl_field":"0","cl_relation":"is","cl_val":false}},{"operator":false,"rules":{"cl_field":"wcpa-radio-group-1593527850536","cl_relation":"is","cl_val":"Carbon Mix"}}]}],"active":true,"tooltip":"","layOut":"inline","checkUi":"button","error":false,"gt_translate_keys":["label","tooltip"],"price_dependency":false,"cl_dependency":false,"value":""}],[{"type":"separator","elementId":"wcpa-separator-1599022671471","height":"5","cl_rule":"show","col":6,"relations":false,"active":true,"tooltip":"","gt_translate_keys":["tooltip"],"price_dependency":false,"cl_dependency":false,"value":""}],[{"type":"text","required":true,"elementId":"wcpa-text-1583534615341","label":"Nom \u00e0 imprimer sur votre b\u00e2ton","description":"","desc_type":true,"placeholder":"Nom","pricingType":"fixed","name":"text-1583534615341","subtype":"text","maxlength":"15","cl_rule":"show","col":6,"relations":false,"active":true,"tooltip":"15 charact\u00e8re maximum. Nom, la courbe et le flex sont automatiquement imprim\u00e9s sur tous nos b\u00e2tons. CHS a le droit de retirer votre nom de vos b\u00e2tons si des blasph\u00e8mes sont utilis\u00e9s.","gt_translate_keys":["label","placeholder","description","tooltip"],"price_dependency":false,"cl_dependency":false,"value":""}]]}},"config":{"price_override":"","enable_recaptcha":false,"bind_quantity":false,"quantity_bind_formula":false,"disp_summ_show_option_price":false,"disp_summ_show_product_price":false,"disp_summ_show_total_price":true,"disp_summ_show_fee":false,"disp_summ_show_discount":false,"summary_title":"","options_total_label":"Options Price","total_label":"Total","options_product_label":"Product Price","fee_label":"Fee","discount_label":"Discount","has_price":true,"has_quantity_formula":false},"mc_unit":1,"tax_rate":1,"tax_rate_real":0.149749999999999994226840271949185989797115325927734375,"discount":{"percentage":0,"fixed":0},"design":{"conf":{"LabelPosition":"above","DescPosition":"above","UploadField":"custom_1","QuantityFieldStyle":"default"},"css":{"LeftLabelWidth":"120px"}},"formulas":[],"lookuptables":[],"clones":false,"cartKey":false}},"_links":{"self":[{"href":"https:\/\/stage.customhockeysticks.ca\/fr\/wp-json\/wp\/v2\/product\/15902","targetHints":{"allow":["GET"]}}],"collection":[{"href":"https:\/\/stage.customhockeysticks.ca\/fr\/wp-json\/wp\/v2\/product"}],"about":[{"href":"https:\/\/stage.customhockeysticks.ca\/fr\/wp-json\/wp\/v2\/types\/product"}],"version-history":[{"count":1,"href":"https:\/\/stage.customhockeysticks.ca\/fr\/wp-json\/wp\/v2\/product\/15902\/revisions"}],"predecessor-version":[{"id":41308,"href":"https:\/\/stage.customhockeysticks.ca\/fr\/wp-json\/wp\/v2\/product\/15902\/revisions\/41308"}],"wp:featuredmedia":[{"embeddable":true,"href":"https:\/\/stage.customhockeysticks.ca\/fr\/wp-json\/wp\/v2\/media\/15535"}],"wp:attachment":[{"href":"https:\/\/stage.customhockeysticks.ca\/fr\/wp-json\/wp\/v2\/media?parent=15902"}],"wp:term":[{"taxonomy":"product_brand","embeddable":true,"href":"https:\/\/stage.customhockeysticks.ca\/fr\/wp-json\/wp\/v2\/product_brand?post=15902"},{"taxonomy":"product_cat","embeddable":true,"href":"https:\/\/stage.customhockeysticks.ca\/fr\/wp-json\/wp\/v2\/product_cat?post=15902"},{"taxonomy":"product_tag","embeddable":true,"href":"https:\/\/stage.customhockeysticks.ca\/fr\/wp-json\/wp\/v2\/product_tag?post=15902"}],"curies":[{"name":"wp","href":"https:\/\/api.w.org\/{rel}","templated":true}]}}