{"id":15898,"date":"2022-04-16T13:29:03","date_gmt":"2022-04-16T17:29:03","guid":{"rendered":"https:\/\/stage.customhockeysticks.ca\/?post_type=product&#038;p=15898"},"modified":"2025-02-28T13:21:44","modified_gmt":"2025-02-28T18:21:44","slug":"grc-hommage-custom-hockey-stick","status":"publish","type":"product","link":"https:\/\/stage.customhockeysticks.ca\/fr\/produit\/grc-hommage-custom-hockey-stick\/","title":{"rendered":"GRC Hommage Custom Hockey Stick"},"content":{"rendered":"","protected":false},"excerpt":{"rendered":"","protected":false},"featured_media":15535,"template":"","meta":[],"product_brand":[],"product_cat":[85,111],"product_tag":[],"class_list":{"0":"post-15898","1":"product","2":"type-product","3":"status-publish","4":"has-post-thumbnail","6":"product_cat-produits-des-associations","7":"product_cat-rcmp-fr","8":"wcpa_has_options","10":"first","11":"instock","12":"taxable","13":"shipping-taxable","14":"purchasable","15":"product-type-simple"},"wcpa_form_fields":{"wcpaData":{"product":{"product_price":200,"price_html":"<span class=\"woocommerce-Price-amount amount\"><bdi><span class=\"woocommerce-Price-currencySymbol\">&#36;<\/span>200.00&nbsp;CAD<\/bdi><\/span>","original_product_price":200,"price_including_tax":229.94999999999998863131622783839702606201171875,"price_excluding_tax":200,"product_id":{"parent":15898,"variation":false},"is_variable":false,"stock_status":"instock","stock_quantity":null,"parent_sku":"CHS-RCMP-Tribute-Custom-Stick","product_attributes":[],"custom_fields":[],"is_taxable":true,"product_name":"GRC Hommage Custom Hockey Stick","hasImage":false},"fields":{"sec_164ac3fdb2e7d0":{"extra":{"key":"sec_164ac3fdb2e7d0","section_id":"sec_164ac3fdb2e7d0","name":"Default","status":1,"cl_rule":"show","enableCl":false,"relations":[],"toggle":true,"title_tag":"h3","show_title":false,"showPrice":"default","form_id":16268,"form_rules":{"exclude_from_discount":false,"fee_label":"Fee","disp_hide_options_price":false,"disp_show_section_price":false,"disp_show_field_price":false,"layout_option":"standard","pric_use_as_fee":false,"process_fee_as":"woo_fee"},"layout_option":"standard"},"fields":[[{"type":"content","subtype":"div","label":"","elementId":"wcpa-paragraph-1650937630290","pricingType":"fixed","cl_rule":"show","col":6,"relations":false,"active":true,"tooltip":"","value":"Ce b\u00e2ton sp\u00e9cialement fabriqu\u00e9 \u00e0 la main est une v\u00e9ritable \u0153uvre d'art. Si vous cherchez le cadeau parfait pour accrocher au mur, c\u2019est le b\u00e2ton qu\u2019il vous faut. Il est possible de jouer et tirer droit au but avec celui-ci, mais les personnalisations sont limit\u00e9es puisque ces b\u00e2tons sont principalement destin\u00e9s \u00e0 l\u2019affichage.","name":"wcpa-paragraph-1650937630290","contentType":"plain","gt_translate_keys":["label","value","tooltip"],"price_dependency":false,"cl_dependency":false}],[{"type":"separator","elementId":"wcpa-separator-1650937395837","cl_rule":"show","col":6,"relations":false,"active":true,"tooltip":"","gt_translate_keys":["tooltip"],"price_dependency":false,"cl_dependency":false,"value":""}],[{"type":"radio-group","required":true,"elementId":"wcpa-radio-group-1581107165462","label":"C\u00f4t\u00e9","inline":true,"priceOptions":"different_for_all","pricingType":"fixed","className":"form-buttons","name":"hand","other_text":"Other","cl_rule":"show","col":6,"values":[{"label":"Gauche","value":"Left","price":"","pimage":"","pimage_id":"","pthumb":"","gt_translate_keys":["label"]},{"label":"Droit","value":"Right","price":"","pimage":"","pimage_id":"","pthumb":"","gt_translate_keys":["label"]}],"relations":false,"active":true,"tooltip":"","layOut":"inline","checkUi":"button","error":false,"gt_translate_keys":["label","tooltip"],"price_dependency":false,"cl_dependency":["wcpa-paragraph-1666571827412","wcpa-paragraph-1666571848884"],"value":""}],[{"type":"content","subtype":"div","label":"","elementId":"wcpa-paragraph-1666571827412","pricingType":"fixed","enableCl":true,"cl_rule":"show","cl_val":"Left","col":6,"relations":[{"operator":false,"rules":[{"operator":false,"rules":{"cl_field":"wcpa-radio-group-1581107165462","cl_relation":"is","cl_val":"Left"}}]}],"active":true,"tooltip":"","value":"<i class=\"fas fa-exclamation-triangle\"><\/i> Tir du poignet et passes du c\u00f4t\u00e9 gauche du corps = tireur du c\u00f4t\u00e9 gauche.<p><a href=\"#cotejouer\"><strong>V\u00e9rifiez votre c\u00f4t\u00e9 joueur ici<\/strong><\/a><\/p>","name":"wcpa-paragraph-1666571827412","contentType":"plain","gt_translate_keys":["label","value","tooltip"],"price_dependency":false,"cl_dependency":false}],[{"type":"content","subtype":"div","label":"","elementId":"wcpa-paragraph-1666571848884","pricingType":"fixed","enableCl":true,"cl_rule":"show","cl_val":"Right","col":6,"relations":[{"operator":false,"rules":[{"operator":false,"rules":{"cl_field":"wcpa-radio-group-1581107165462","cl_relation":"is","cl_val":"Right"}}]}],"active":true,"tooltip":"","value":"<i class=\"fas fa-exclamation-triangle\"><\/i> Tir du poignet et passes du c\u00f4t\u00e9 droit du corps = tireur du c\u00f4t\u00e9 droit.<p><a href=\"#cotejouer\"><strong>V\u00e9rifiez votre c\u00f4t\u00e9 joueur ici<\/strong><\/a><\/p>","name":"wcpa-paragraph-1666571848884","contentType":"plain","gt_translate_keys":["label","value","tooltip"],"price_dependency":false,"cl_dependency":false}],[{"type":"radio-group","required":true,"elementId":"wcpa-radio-group-1581129179161","label":"Hauteur \/ Longueur","inline":true,"enablePrice":true,"priceOptions":"different_for_all","pricingType":"fixed","name":"stick-height-senior","other_text":"Other","cl_rule":"show","col":6,"values":[{"label":"65\" - Standard","value":"65\" - Standard","price":"","pimage":"","pimage_id":"","pthumb":"","selected":true,"gt_translate_keys":["label"]}],"relations":[{"operator":false,"rules":[{"operator":false,"rules":{"cl_field":"0","cl_relation":"is","cl_val":false}}]}],"price":0,"active":true,"tooltip":"","layOut":"inline","checkUi":"button","error":false,"gt_translate_keys":["label","tooltip"],"price_dependency":false,"cl_dependency":false,"value":""}],[{"type":"radio-group","required":true,"elementId":"wcpa-radio-group-1581131446629","label":"Courbe","inline":true,"priceOptions":"different_for_all","pricingType":"fixed","name":"stick-curve-senior-right","other_text":"Other","cl_rule":"show","cl_val":"Left","operator":"and","col":6,"values":[{"label":"CHS28","value":"CHS28","price":"0","pimage":"","pimage_id":"","pthumb":"","gt_translate_keys":["label"]},{"label":"CHS01 (lame droite)","value":"CHS01 (Straight Blade)","price":"","pimage":"","pimage_id":"","pthumb":"","gt_translate_keys":["label"]}],"relations":[{"operator":false,"rules":[{"operator":"and","rules":{"cl_field":"wcpa-radio-group-1581107165462","cl_relation":"is","cl_val":"Left"}},{"operator":false,"rules":{"cl_field":"0","cl_relation":"is","cl_val":false}}]}],"active":true,"tooltip":"","layOut":"inline","checkUi":"button","error":false,"gt_translate_keys":["label","tooltip"],"price_dependency":false,"cl_dependency":false,"value":""}],[{"type":"separator","elementId":"wcpa-separator-1599022671471","height":"5","cl_rule":"show","col":6,"relations":false,"active":true,"tooltip":"","gt_translate_keys":["tooltip"],"price_dependency":false,"cl_dependency":false,"value":""}],[{"type":"text","required":true,"elementId":"wcpa-text-1583534615341","label":"Nom \u00e0 imprimer sur votre b\u00e2ton","description":"","desc_type":true,"placeholder":"Nom","pricingType":"fixed","name":"text-1583534615341","subtype":"text","maxlength":"15","cl_rule":"show","col":6,"relations":false,"active":true,"tooltip":"15 charact\u00e8re maximum. CHS a le droit de retirer votre nom de vos b\u00e2tons si des blasph\u00e8mes sont utilis\u00e9s.","gt_translate_keys":["label","placeholder","description","tooltip"],"price_dependency":false,"cl_dependency":false,"value":""}]]}},"config":{"price_override":"","enable_recaptcha":false,"bind_quantity":false,"quantity_bind_formula":false,"disp_summ_show_option_price":false,"disp_summ_show_product_price":false,"disp_summ_show_total_price":true,"disp_summ_show_fee":false,"disp_summ_show_discount":false,"summary_title":"","options_total_label":"Options Price","total_label":"Total","options_product_label":"Product Price","fee_label":"Fee","discount_label":"Discount","has_price":true,"has_quantity_formula":false},"mc_unit":1,"tax_rate":1,"tax_rate_real":0.149749999999999994226840271949185989797115325927734375,"discount":{"percentage":0,"fixed":0},"design":{"conf":{"LabelPosition":"above","DescPosition":"above","UploadField":"custom_1","QuantityFieldStyle":"default"},"css":{"LeftLabelWidth":"120px"}},"formulas":[],"lookuptables":[],"clones":false,"cartKey":false}},"_links":{"self":[{"href":"https:\/\/stage.customhockeysticks.ca\/fr\/wp-json\/wp\/v2\/product\/15898","targetHints":{"allow":["GET"]}}],"collection":[{"href":"https:\/\/stage.customhockeysticks.ca\/fr\/wp-json\/wp\/v2\/product"}],"about":[{"href":"https:\/\/stage.customhockeysticks.ca\/fr\/wp-json\/wp\/v2\/types\/product"}],"version-history":[{"count":1,"href":"https:\/\/stage.customhockeysticks.ca\/fr\/wp-json\/wp\/v2\/product\/15898\/revisions"}],"predecessor-version":[{"id":41309,"href":"https:\/\/stage.customhockeysticks.ca\/fr\/wp-json\/wp\/v2\/product\/15898\/revisions\/41309"}],"wp:featuredmedia":[{"embeddable":true,"href":"https:\/\/stage.customhockeysticks.ca\/fr\/wp-json\/wp\/v2\/media\/15535"}],"wp:attachment":[{"href":"https:\/\/stage.customhockeysticks.ca\/fr\/wp-json\/wp\/v2\/media?parent=15898"}],"wp:term":[{"taxonomy":"product_brand","embeddable":true,"href":"https:\/\/stage.customhockeysticks.ca\/fr\/wp-json\/wp\/v2\/product_brand?post=15898"},{"taxonomy":"product_cat","embeddable":true,"href":"https:\/\/stage.customhockeysticks.ca\/fr\/wp-json\/wp\/v2\/product_cat?post=15898"},{"taxonomy":"product_tag","embeddable":true,"href":"https:\/\/stage.customhockeysticks.ca\/fr\/wp-json\/wp\/v2\/product_tag?post=15898"}],"curies":[{"name":"wp","href":"https:\/\/api.w.org\/{rel}","templated":true}]}}