{"id":12778,"date":"2021-11-22T20:42:50","date_gmt":"2021-11-23T01:42:50","guid":{"rendered":"https:\/\/stage.customhockeysticks.ca\/product\/blainville-bastions-custom-hockey-stick-goalie\/"},"modified":"2025-02-28T13:22:24","modified_gmt":"2025-02-28T18:22:24","slug":"blainville-bastions-custom-hockey-stick-goalie","status":"publish","type":"product","link":"https:\/\/stage.customhockeysticks.ca\/fr\/produit\/blainville-bastions-custom-hockey-stick-goalie\/","title":{"rendered":"Blainville Bastions Custom Hockey Stick &#8211; Goalie"},"content":{"rendered":"","protected":false},"excerpt":{"rendered":"","protected":false},"featured_media":16888,"template":"","meta":[],"product_brand":[],"product_cat":[90,85],"product_tag":[],"class_list":{"0":"post-12778","1":"product","2":"type-product","3":"status-publish","4":"has-post-thumbnail","6":"product_cat-blainville-bastions-fr","7":"product_cat-produits-des-associations","8":"wcpa_has_options","10":"first","11":"instock","12":"taxable","13":"shipping-taxable","14":"purchasable","15":"product-type-simple"},"wcpa_form_fields":{"wcpaData":{"product":{"product_price":215,"price_html":"<span class=\"woocommerce-Price-amount amount\"><bdi><span class=\"woocommerce-Price-currencySymbol\">&#36;<\/span>215.00&nbsp;CAD<\/bdi><\/span>","original_product_price":215,"price_including_tax":247.19999999999998863131622783839702606201171875,"price_excluding_tax":215,"product_id":{"parent":12778,"variation":false},"is_variable":false,"stock_status":"instock","stock_quantity":null,"parent_sku":"CHS-Custom-Goalie-Bastions-Blainville","product_attributes":[],"custom_fields":[],"is_taxable":true,"product_name":"Blainville Bastions Custom Hockey Stick - Goalie","hasImage":false},"fields":{"sec_264ac413f433d4":{"extra":{"key":"sec_264ac413f433d4","section_id":"sec_264ac413f433d4","name":"Default","status":1,"cl_rule":"show","enableCl":false,"relations":[],"toggle":true,"title_tag":"h3","show_title":false,"showPrice":"default","form_id":13036,"form_rules":{"exclude_from_discount":false,"fee_label":"Fee","disp_hide_options_price":false,"disp_show_section_price":false,"disp_show_field_price":false,"layout_option":"standard","pric_use_as_fee":false,"process_fee_as":"woo_fee"},"layout_option":"standard"},"fields":[[{"type":"radio-group","required":true,"elementId":"wcpa-radio-group-61a5890bbda15","label":"C\u00f4t\u00e9","inline":true,"priceOptions":"different_for_all","pricingType":"fixed","name":"radio-group-61a5890bbda1b","other_text":"Other","cl_rule":"show","col":6,"values":[{"label":"Gauche","value":"Left","price":"","pimage":"","pimage_id":"","pthumb":"","gt_translate_keys":["label"]},{"label":"Droit","value":"Right","price":"","pimage":"","pimage_id":"","pthumb":"","gt_translate_keys":["label"]}],"relations":false,"active":true,"tooltip":"","layOut":"inline","checkUi":"button","error":false,"gt_translate_keys":["label","tooltip"],"price_dependency":false,"cl_dependency":["wcpa-paragraph-1666054003792","wcpa-paragraph-1666054200677"],"value":""}],[{"type":"content","subtype":"div","label":"","elementId":"wcpa-paragraph-1666054003792","pricingType":"fixed","enableCl":true,"cl_rule":"show","cl_val":"Left","col":6,"relations":[{"operator":false,"rules":[{"operator":false,"rules":{"cl_field":"wcpa-radio-group-61a5890bbda15","cl_relation":"is","cl_val":"Left"}}]}],"active":true,"tooltip":"","value":"<i class=\"fas fa-exclamation-triangle\"><\/i> Tient le b\u00e2ton avec la main droite et le gant d\u2019attrapage est dans la main gauche = c\u00f4t\u00e9 gauche.<p><a href=\"#cotejouer\"><strong>V\u00e9rifiez votre c\u00f4t\u00e9 joueur ici<\/strong><\/a><\/p>","name":"wcpa-paragraph-1666054003792","contentType":"plain","gt_translate_keys":["label","value","tooltip"],"price_dependency":false,"cl_dependency":false}],[{"type":"content","subtype":"div","label":"","elementId":"wcpa-paragraph-1666054200677","pricingType":"fixed","enableCl":true,"cl_rule":"show","cl_val":"Right","col":6,"relations":[{"operator":false,"rules":[{"operator":false,"rules":{"cl_field":"wcpa-radio-group-61a5890bbda15","cl_relation":"is","cl_val":"Right"}}]}],"active":true,"tooltip":"","value":"<i class=\"fas fa-exclamation-triangle\"><\/i> Tient le b\u00e2ton avec la main gauche et le gant d\u2019attrapage est dans la main droite = c\u00f4t\u00e9 droit.<p><a href=\"#cotejouer\"><strong>V\u00e9rifiez votre c\u00f4t\u00e9 joueur ici<\/strong><\/a><\/p>","name":"wcpa-paragraph-1666054200677","contentType":"plain","gt_translate_keys":["label","value","tooltip"],"price_dependency":false,"cl_dependency":false}],[{"type":"radio-group","required":true,"elementId":"wcpa-radio-group-61a5890bbda20","label":"Niveau du joueur","inline":true,"enablePrice":true,"priceOptions":"different_for_all","pricingType":"fixed","name":"radio-group-61a5890bbda25","options_tooltip":true,"other_text":"Other","cl_rule":"show","cl_val":"Left","col":6,"values":[{"label":"Senior","value":"Senior","price":"","pimage":"","pimage_id":"","pthumb":"","tooltip":"Circonf\u00e9rence du b\u00e2ton 92mm=3\u2019\u20192 pouces.","selected":true,"gt_translate_keys":["label","tooltip"]},{"label":"Interm\u00e9diaire","value":"Intermediate","price":"","pimage":"","pimage_id":"","pthumb":"","tooltip":"Circonf\u00e9rence du b\u00e2ton 92mm=3\u2019\u20192 pouces.","gt_translate_keys":["label","tooltip"]},{"label":"Junior","value":"Junior","price":"","pimage":"","pimage_id":"","pthumb":"","tooltip":"Circonf\u00e9rence du b\u00e2ton 88mm=3\u2019\u201946 pouces.","gt_translate_keys":["label","tooltip"]}],"relations":[{"operator":false,"rules":[{"operator":false,"rules":{"cl_field":"wcpa-radio-group-61a5890bbda15","cl_relation":"is","cl_val":"Left"}}]}],"price":0,"active":true,"tooltip":"","layOut":"inline","checkUi":"button","error":false,"gt_translate_keys":["label","tooltip"],"price_dependency":false,"cl_dependency":["wcpa-radio-group-61a5890bbda29","wcpa-radio-group-1646359969298","wcpa-radio-group-1646359970941","wcpa-radio-group-61a5890bbda5e","wcpa-radio-group-1646857859301","wcpa-radio-group-1646857859301"],"value":""}],[{"type":"radio-group","required":true,"elementId":"wcpa-radio-group-61a5890bbda29","label":"Hauteur de palette","inline":true,"priceOptions":"different_for_all","pricingType":"fixed","name":"radio-group-61a5890bbda2d","other_text":"Other","enableCl":true,"cl_rule":"show","cl_val":"Junior","col":6,"values":[{"label":"21\"","value":"21\"","price":"","pimage":"","pimage_id":"","pthumb":"","gt_translate_keys":["label"]},{"label":"22\"","value":"22\"","price":"","pimage":"","pimage_id":"","pthumb":"","gt_translate_keys":["label"]},{"label":"23\"","value":"23\"","price":"","pimage":"","pimage_id":"","pthumb":"","gt_translate_keys":["label"]}],"relations":[{"operator":false,"rules":[{"operator":false,"rules":{"cl_field":"wcpa-radio-group-61a5890bbda20","cl_relation":"is","cl_val":"Junior"}}]}],"active":true,"tooltip":"","layOut":"inline","checkUi":"button","error":false,"gt_translate_keys":["label","tooltip"],"price_dependency":false,"cl_dependency":false,"value":""}],[{"type":"radio-group","required":true,"elementId":"wcpa-radio-group-1646359969298","label":"Hauteur de palette","inline":true,"priceOptions":"different_for_all","pricingType":"fixed","name":"radio-group-1646359969297","other_text":"Other","enableCl":true,"cl_rule":"show","cl_val":"Intermediate","col":6,"values":[{"label":"24\"","value":"24\"","price":"","pimage":"","pimage_id":"","pthumb":"","gt_translate_keys":["label"]},{"label":"25\"","value":"25\"","price":"","pimage":"","pimage_id":"","pthumb":"","gt_translate_keys":["label"]}],"relations":[{"operator":false,"rules":[{"operator":false,"rules":{"cl_field":"wcpa-radio-group-61a5890bbda20","cl_relation":"is","cl_val":"Intermediate"}}]}],"active":true,"tooltip":"","layOut":"inline","checkUi":"button","error":false,"gt_translate_keys":["label","tooltip"],"price_dependency":false,"cl_dependency":false,"value":""}],[{"type":"radio-group","required":true,"elementId":"wcpa-radio-group-1646359970941","label":"Hauteur de palette","inline":true,"priceOptions":"different_for_all","pricingType":"fixed","name":"radio-group-1646359970940","other_text":"Other","enableCl":true,"cl_rule":"show","cl_val":"Senior","col":6,"values":[{"label":"24\"","value":"24\"","price":"","pimage":"","pimage_id":"","pthumb":"","gt_translate_keys":["label"]},{"label":"25\"","value":"25\"","price":"","pimage":"","pimage_id":"","pthumb":"","gt_translate_keys":["label"]},{"label":"26\"","value":"26\"","price":"","pimage":"","pimage_id":"","pthumb":"","gt_translate_keys":["label"]}],"relations":[{"operator":false,"rules":[{"operator":false,"rules":{"cl_field":"wcpa-radio-group-61a5890bbda20","cl_relation":"is","cl_val":"Senior"}}]}],"active":true,"tooltip":"","layOut":"inline","checkUi":"button","error":false,"gt_translate_keys":["label","tooltip"],"price_dependency":false,"cl_dependency":false,"value":""}],[{"type":"radio-group","required":true,"elementId":"wcpa-radio-group-61a5890bbda30","label":"Courbe","inline":true,"priceOptions":"different_for_all","pricingType":"fixed","name":"radio-group-61a5890bbda34","other_text":"Other","cl_rule":"show","cl_val":"Left","col":6,"values":[{"label":"CHS31","value":"CHS31","price":"","pimage":"","pimage_id":"","pthumb":"","selected":true,"gt_translate_keys":["label"]}],"relations":[{"operator":false,"rules":[{"operator":false,"rules":{"cl_field":"wcpa-radio-group-61a5890bbda15","cl_relation":"is","cl_val":"Left"}}]}],"active":true,"tooltip":"","layOut":"inline","checkUi":"button","error":false,"gt_translate_keys":["label","tooltip"],"price_dependency":false,"cl_dependency":false,"value":""}],[{"type":"radio-group","required":true,"elementId":"wcpa-radio-group-61a5890bbda38","label":"L\u2019inclinaison du b\u00e2ton (lie)","inline":true,"priceOptions":"different_for_all","pricingType":"fixed","name":"radio-group-61a5890bbda3c","other_text":"Other","cl_rule":"show","cl_val":"Left","operator":"and","col":6,"values":[{"label":"14","value":"14","price":"","pimage":"","pimage_id":"","pthumb":"","selected":true,"gt_translate_keys":["label"]}],"relations":[{"operator":false,"rules":[{"operator":"and","rules":{"cl_field":"wcpa-radio-group-61a5890bbda30","cl_relation":"is","cl_val":"CHS31"}},{"operator":false,"rules":{"cl_field":"wcpa-radio-group-61a5890bbda15","cl_relation":"is","cl_val":"Left"}}]}],"active":true,"tooltip":"","layOut":"inline","checkUi":"button","error":false,"gt_translate_keys":["label","tooltip"],"price_dependency":false,"cl_dependency":false,"value":""}],[{"type":"radio-group","required":true,"elementId":"wcpa-radio-group-61a5890bbda40","label":"Prise","inline":true,"priceOptions":"different_for_all","pricingType":"fixed","name":"radio-group-61a5890bbda43","other_text":"Other","cl_rule":"show","cl_val":"Left","col":6,"values":[{"label":"None","value":"None","price":"","pimage":"","pimage_id":"","pthumb":"","gt_translate_keys":["label"]},{"label":"With","value":"With","price":"","pimage":"","pimage_id":"","pthumb":"","gt_translate_keys":["label"]}],"relations":[{"operator":false,"rules":[{"operator":false,"rules":{"cl_field":"wcpa-radio-group-61a5890bbda15","cl_relation":"is","cl_val":"Left"}}]}],"active":true,"tooltip":"","layOut":"inline","checkUi":"button","error":false,"gt_translate_keys":["label","tooltip"],"price_dependency":false,"cl_dependency":["wcpa-radio-group-61a5890bbda47","wcpa-radio-group-61a5890bbda4f"],"value":""}],[{"type":"radio-group","required":true,"elementId":"wcpa-radio-group-61a5890bbda47","label":"Fini du b\u00e2ton","inline":true,"priceOptions":"different_for_all","pricingType":"fixed","name":"radio-group-61a5890bbda4b","other_text":"Other","enableCl":true,"cl_rule":"show","cl_val":"With","col":6,"values":[{"label":"Gloss","value":"Gloss","price":"","pimage":"","pimage_id":"","pthumb":"","selected":true,"gt_translate_keys":["label"]}],"relations":[{"operator":false,"rules":[{"operator":false,"rules":{"cl_field":"wcpa-radio-group-61a5890bbda40","cl_relation":"is","cl_val":"With"}}]}],"active":true,"tooltip":"","layOut":"inline","checkUi":"button","error":false,"gt_translate_keys":["label","tooltip"],"price_dependency":false,"cl_dependency":false,"value":""}],[{"type":"radio-group","required":true,"elementId":"wcpa-radio-group-61a5890bbda4f","label":"Fini du b\u00e2ton","inline":true,"priceOptions":"different_for_all","pricingType":"fixed","name":"radio-group-61a5890bbda53","other_text":"Other","enableCl":true,"cl_rule":"show","cl_val":"None","col":6,"values":[{"label":"Matte","value":"Matte","price":"","pimage":"","pimage_id":"","pthumb":"","selected":true,"gt_translate_keys":["label"]}],"relations":[{"operator":false,"rules":[{"operator":false,"rules":{"cl_field":"wcpa-radio-group-61a5890bbda40","cl_relation":"is","cl_val":"None"}}]}],"active":true,"tooltip":"","layOut":"inline","checkUi":"button","error":false,"gt_translate_keys":["label","tooltip"],"price_dependency":false,"cl_dependency":false,"value":""}],[{"type":"radio-group","required":true,"elementId":"wcpa-radio-group-1646360226500","label":"Trigger Grip","description":"","desc_type":true,"inline":true,"enablePrice":true,"priceOptions":"different_for_all","pricingType":"fixed","name":"radio-group-1646360226497","other_text":"Other","cl_rule":"show","cl_val":"Left","col":6,"values":[{"label":"Sans","value":"None","price":"","pimage":"","pimage_id":"","pthumb":"","gt_translate_keys":["label"]},{"label":"Avec","value":"With","price":"15","pimage":"","pimage_id":"","pthumb":"","gt_translate_keys":["label"]}],"relations":[{"operator":false,"rules":[{"operator":false,"rules":{"cl_field":"wcpa-radio-group-61a5890bbda15","cl_relation":"is","cl_val":"Left"}}]}],"price":0,"active":true,"tooltip":"Ajoute un retrait en haut de la palette pour un meilleur contr\u00f4le.","layOut":"inline","checkUi":"button","error":false,"gt_translate_keys":["label","description","tooltip"],"price_dependency":false,"cl_dependency":false,"value":""}],[{"type":"radio-group","required":true,"elementId":"wcpa-radio-group-61a5890bbda56","label":"Type de fibre de carbone","description":"","desc_type":true,"inline":true,"enablePrice":true,"priceOptions":"different_for_all","pricingType":"fixed","name":"radio-group-61a5890bbda5a","options_tooltip":true,"other_text":"Other","cl_rule":"show","cl_val":"Left","col":6,"values":[{"label":"UD - Black","value":"UD - Black","price":"0","pimage":"","pimage_id":"","pthumb":"","tooltip":"Fibres de carbone unidirectionnelles qui courent dans une direction, similaires au grain du bois et ce qui rend nos b\u00e2tons compl\u00e8tement noirs.","gt_translate_keys":["label","tooltip"]},{"label":"12K","value":"12K","price":"15","pimage":"","pimage_id":"","pthumb":"","tooltip":"Il y a 12 000 filaments de fibre de carbone tiss\u00e9s, ce qui donne au b\u00e2ton de hockey le petit motif \u00e0 carreaux.","gt_translate_keys":["label","tooltip"]},{"label":"18K","value":"18K","price":"17","pimage":"","pimage_id":"","pthumb":"","tooltip":"Il y a 18 000 filaments de fibre de carbone tiss\u00e9s qui cr\u00e9ent un motif \u00e0 carreaux plus large.","gt_translate_keys":["label","tooltip"]},{"label":"24K","value":"24K","price":"20","pimage":"","pimage_id":"","pthumb":"","tooltip":"Il y a 24 000 filaments de fibre de carbone tiss\u00e9s, ce qui donne le plus grand motif en damier. C'est notre b\u00e2ton de hockey en fibre de carbone le plus solide.","gt_translate_keys":["label","tooltip"]}],"relations":[{"operator":false,"rules":[{"operator":false,"rules":{"cl_field":"wcpa-radio-group-61a5890bbda15","cl_relation":"is","cl_val":"Left"}}]}],"price":0,"active":true,"tooltip":"On recommande fortement 12K, 18K, ou 24K pour un b\u00e2ton avec une plus grande durabilit\u00e9.","layOut":"inline","checkUi":"button","error":false,"gt_translate_keys":["label","description","tooltip"],"price_dependency":false,"cl_dependency":false,"value":""}],[{"type":"radio-group","required":true,"elementId":"wcpa-radio-group-61a5890bbda5e","label":"Poids du b\u00e2ton","inline":true,"enablePrice":true,"priceOptions":"different_for_all","pricingType":"fixed","name":"radio-group-61a5890bbda62","other_text":"Other","enableCl":true,"cl_rule":"show","cl_val":"Junior","col":6,"values":[{"label":"Normal 615\u00b130g","value":"Normal 615\u00b130g","price":"","pimage":"","pimage_id":"","pthumb":"","selected":true,"gt_translate_keys":["label"]}],"relations":[{"operator":false,"rules":[{"operator":false,"rules":{"cl_field":"wcpa-radio-group-61a5890bbda20","cl_relation":"is","cl_val":"Junior"}}]}],"price":0,"active":true,"tooltip":"","layOut":"inline","checkUi":"button","error":false,"gt_translate_keys":["label","tooltip"],"price_dependency":false,"cl_dependency":false,"value":""}],[{"type":"radio-group","required":true,"elementId":"wcpa-radio-group-1646857859301","label":"Poids du b\u00e2ton","inline":true,"enablePrice":true,"priceOptions":"different_for_all","pricingType":"fixed","name":"radio-group-1646857859300","other_text":"Other","enableCl":true,"cl_rule":"show","cl_val":"Intermediate","operator":"or","col":6,"values":[{"label":"Normal 720\u00b130g","value":"Normal 720\u00b130g","price":"","pimage":"","pimage_id":"","pthumb":"","selected":true,"gt_translate_keys":["label"]}],"relations":[{"operator":false,"rules":[{"operator":"or","rules":{"cl_field":"wcpa-radio-group-61a5890bbda20","cl_relation":"is","cl_val":"Senior"}},{"operator":false,"rules":{"cl_field":"wcpa-radio-group-61a5890bbda20","cl_relation":"is","cl_val":"Intermediate"}}]}],"price":0,"active":true,"tooltip":"","layOut":"inline","checkUi":"button","error":false,"gt_translate_keys":["label","tooltip"],"price_dependency":false,"cl_dependency":false,"value":""}],[{"type":"text","required":true,"elementId":"wcpa-text-61a5890bbda74","label":"Nom \u00e0 imprimer sur votre b\u00e2ton","description":"","desc_type":true,"placeholder":"Nom","pricingType":"fixed","name":"text-61a5890bbda77","subtype":"text","cl_rule":"show","cl_val":"Left","col":6,"relations":[{"operator":false,"rules":[{"operator":false,"rules":{"cl_field":"wcpa-radio-group-61a5890bbda15","cl_relation":"is","cl_val":"Left"}}]}],"active":true,"tooltip":"15 charact\u00e8re maximum (nom, et courbe sont automatiquement imprim\u00e9s sur tous nos b\u00e2tons)","gt_translate_keys":["label","placeholder","description","tooltip"],"price_dependency":false,"cl_dependency":false,"value":""}]]}},"config":{"price_override":"","enable_recaptcha":false,"bind_quantity":false,"quantity_bind_formula":false,"disp_summ_show_option_price":false,"disp_summ_show_product_price":false,"disp_summ_show_total_price":true,"disp_summ_show_fee":false,"disp_summ_show_discount":false,"summary_title":"","options_total_label":"Options Price","total_label":"Total","options_product_label":"Product Price","fee_label":"Fee","discount_label":"Discount","has_price":true,"has_quantity_formula":false},"mc_unit":1,"tax_rate":1,"tax_rate_real":0.149749999999999994226840271949185989797115325927734375,"discount":{"percentage":0,"fixed":0},"design":{"conf":{"LabelPosition":"above","DescPosition":"above","UploadField":"custom_1","QuantityFieldStyle":"default"},"css":{"LeftLabelWidth":"120px"}},"formulas":[],"lookuptables":[],"clones":false,"cartKey":false}},"_links":{"self":[{"href":"https:\/\/stage.customhockeysticks.ca\/fr\/wp-json\/wp\/v2\/product\/12778","targetHints":{"allow":["GET"]}}],"collection":[{"href":"https:\/\/stage.customhockeysticks.ca\/fr\/wp-json\/wp\/v2\/product"}],"about":[{"href":"https:\/\/stage.customhockeysticks.ca\/fr\/wp-json\/wp\/v2\/types\/product"}],"version-history":[{"count":1,"href":"https:\/\/stage.customhockeysticks.ca\/fr\/wp-json\/wp\/v2\/product\/12778\/revisions"}],"predecessor-version":[{"id":41312,"href":"https:\/\/stage.customhockeysticks.ca\/fr\/wp-json\/wp\/v2\/product\/12778\/revisions\/41312"}],"wp:featuredmedia":[{"embeddable":true,"href":"https:\/\/stage.customhockeysticks.ca\/fr\/wp-json\/wp\/v2\/media\/16888"}],"wp:attachment":[{"href":"https:\/\/stage.customhockeysticks.ca\/fr\/wp-json\/wp\/v2\/media?parent=12778"}],"wp:term":[{"taxonomy":"product_brand","embeddable":true,"href":"https:\/\/stage.customhockeysticks.ca\/fr\/wp-json\/wp\/v2\/product_brand?post=12778"},{"taxonomy":"product_cat","embeddable":true,"href":"https:\/\/stage.customhockeysticks.ca\/fr\/wp-json\/wp\/v2\/product_cat?post=12778"},{"taxonomy":"product_tag","embeddable":true,"href":"https:\/\/stage.customhockeysticks.ca\/fr\/wp-json\/wp\/v2\/product_tag?post=12778"}],"curies":[{"name":"wp","href":"https:\/\/api.w.org\/{rel}","templated":true}]}}