{"id":1211,"date":"2020-02-09T16:35:01","date_gmt":"2020-02-09T15:35:01","guid":{"rendered":"https:\/\/stage.customhockeysticks.ca\/product\/custom-graphics\/"},"modified":"2025-02-28T13:25:46","modified_gmt":"2025-02-28T18:25:46","slug":"custom-graphics","status":"publish","type":"product","link":"https:\/\/stage.customhockeysticks.ca\/fr\/produit\/custom-graphics\/","title":{"rendered":"Custom Graphics"},"content":{"rendered":"","protected":false},"excerpt":{"rendered":"","protected":false},"featured_media":2773,"template":"","meta":[],"product_brand":[],"product_cat":[50],"product_tag":[],"class_list":{"0":"post-1211","1":"product","2":"type-product","3":"status-publish","4":"has-post-thumbnail","6":"product_cat-graphiques-personallises","7":"wcpa_has_options","9":"first","10":"instock","11":"virtual","12":"taxable","13":"purchasable","14":"product-type-simple"},"wcpa_form_fields":{"wcpaData":{"product":{"product_price":450,"price_html":"<span class=\"woocommerce-Price-amount amount\"><bdi><span class=\"woocommerce-Price-currencySymbol\">&#36;<\/span>450.00&nbsp;CAD<\/bdi><\/span>","original_product_price":450,"price_including_tax":517.3899999999999863575794734060764312744140625,"price_excluding_tax":450,"product_id":{"parent":1211,"variation":false},"is_variable":false,"stock_status":"instock","stock_quantity":null,"parent_sku":"CHS-GFX","product_attributes":[],"custom_fields":[],"is_taxable":true,"product_name":"Custom Graphics","hasImage":false},"fields":{"sec_664ac414448681":{"extra":{"key":"sec_664ac414448681","section_id":"sec_664ac414448681","name":"Default","status":1,"cl_rule":"show","enableCl":false,"relations":[],"toggle":true,"title_tag":"h3","show_title":false,"showPrice":"default","form_id":2519,"form_rules":{"exclude_from_discount":false,"fee_label":"Fee","disp_hide_options_price":false,"disp_show_section_price":false,"disp_show_field_price":false,"layout_option":"standard","pric_use_as_fee":false,"process_fee_as":"woo_fee"},"layout_option":"standard"},"fields":[[{"type":"radio-group","required":true,"elementId":"wcpa-radio-group-1652125566352","label":"Type de graphiques","inline":true,"enablePrice":true,"priceOptions":"different_for_all","pricingType":"fixed","name":"radio-group-1652125566352","other_text":"Other","cl_rule":"show","col":6,"values":[{"label":"Graphiques personnalis\u00e9s","value":"Custom Graphics","price":"","pimage":"","pimage_id":"","pthumb":"","selected":true,"gt_translate_keys":["label"]},{"label":"Changement de couleur","value":"Standard Graphic Color Change","price":"-275","pimage":"","pimage_id":"","pthumb":"","gt_translate_keys":["label"]}],"relations":false,"price":0,"active":true,"tooltip":"","layOut":"inline","checkUi":"button","error":false,"gt_translate_keys":["label","tooltip"],"price_dependency":false,"cl_dependency":["wcpa-separator-1652125962204","wcpa-paragraph-1585336649556","wcpa-separator-1585336800128","wcpa-color-1585335284242","wcpa-color-1585336105837","wcpa-color-1585339332527","wcpa-separator-1585336824674","wcpa-file-1581263006583","wcpa-checkbox-group-1581262674073","wcpa-separator-1652125884050","wcpa-textarea-1581263362025","wcpa-paragraph-1652125430749","separator-5611052039","wcpa-color-1652125438849"],"value":""}],[{"type":"separator","elementId":"wcpa-separator-1652125962204","enableCl":true,"cl_rule":"show","cl_val":"Custom Graphics","col":6,"relations":[{"operator":false,"rules":[{"operator":false,"rules":{"cl_field":"wcpa-radio-group-1652125566352","cl_relation":"is","cl_val":"Custom Graphics"}}]}],"active":true,"tooltip":"","gt_translate_keys":["tooltip"],"price_dependency":false,"cl_dependency":false,"value":""}],[{"type":"content","subtype":"div","label":"","elementId":"wcpa-paragraph-1585336649556","pricingType":"fixed","enableCl":true,"cl_rule":"show","cl_val":"Custom Graphics","col":6,"relations":[{"operator":false,"rules":[{"operator":false,"rules":{"cl_field":"wcpa-radio-group-1652125566352","cl_relation":"is","cl_val":"Custom Graphics"}}]}],"active":true,"tooltip":"","value":"Choisissez les couleurs pour le graphisme de vos b\u00e2tons.  Si vous avez un ou des codes de couleurs exact(s), utilisez la valeur #(HEX).","name":"wcpa-paragraph-1585336649556","contentType":"plain","gt_translate_keys":["label","value","tooltip"],"price_dependency":false,"cl_dependency":false}],[{"type":"separator","elementId":"wcpa-separator-1585336800128","height":"10","enableCl":true,"cl_rule":"show","cl_val":"Custom Graphics","col":6,"relations":[{"operator":false,"rules":[{"operator":false,"rules":{"cl_field":"wcpa-radio-group-1652125566352","cl_relation":"is","cl_val":"Custom Graphics"}}]}],"active":true,"tooltip":"","gt_translate_keys":["tooltip"],"price_dependency":false,"cl_dependency":false,"value":""}],[{"type":"color","required":true,"elementId":"wcpa-color-1585335284242","label":"Couleur 1","value":"#aaaaaa","pricingType":"fixed","name":"color-1585335284242","enableCl":true,"cl_rule":"show","cl_val":"Custom Graphics","col":"2","relations":[{"operator":false,"rules":[{"operator":false,"rules":{"cl_field":"wcpa-radio-group-1652125566352","cl_relation":"is","cl_val":"Custom Graphics"}}]}],"active":true,"tooltip":"","gt_translate_keys":["label","value","tooltip"],"price_dependency":false,"cl_dependency":false},{"type":"color","required":true,"elementId":"wcpa-color-1585336105837","label":"Couleur 2","value":"#aaaaaa","pricingType":"fixed","name":"color-1585336105836","enableCl":true,"cl_rule":"show","cl_val":"Custom Graphics","col":"2","relations":[{"operator":false,"rules":[{"operator":false,"rules":{"cl_field":"wcpa-radio-group-1652125566352","cl_relation":"is","cl_val":"Custom Graphics"}}]}],"active":true,"tooltip":"","gt_translate_keys":["label","value","tooltip"],"price_dependency":false,"cl_dependency":false},{"type":"color","elementId":"wcpa-color-1585339332527","label":"Couleur 3","description":"","desc_type":true,"value":"#aaaaaa","enablePrice":true,"pricingType":"fixed","name":"color-1585339332525","enableCl":true,"cl_rule":"show","cl_val":"Custom Graphics","col":"2","relations":[{"operator":false,"rules":[{"operator":false,"rules":{"cl_field":"wcpa-radio-group-1652125566352","cl_relation":"is","cl_val":"Custom Graphics"}}]}],"price":0,"active":true,"tooltip":"Optional","gt_translate_keys":["label","description","value","tooltip"],"price_dependency":false,"cl_dependency":false}],[{"type":"separator","elementId":"wcpa-separator-1585336824674","height":"10","enableCl":true,"cl_rule":"show","cl_val":"Custom Graphics","col":6,"relations":[{"operator":false,"rules":[{"operator":false,"rules":{"cl_field":"wcpa-radio-group-1652125566352","cl_relation":"is","cl_val":"Custom Graphics"}}]}],"active":true,"tooltip":"","gt_translate_keys":["tooltip"],"price_dependency":false,"cl_dependency":false,"value":""}],[{"type":"file","elementId":"wcpa-file-1581263006583","label":"T\u00e9l\u00e9chargez le logo de votre \u00e9quipe - S.V.P. t\u00e9l\u00e9chargez un fichier vector en format AI, EPS, SVG ou PDF et le graphisme sur vos b\u00e2tons sera assur\u00e9ment de meilleure qualit\u00e9.","placeholder":"Rechercher sur l\u2019ordinateur","pricingType":"fixed","ajax_upload":true,"name":"logo-file","hideImageIn_cart":true,"hideImageIn_order":true,"exts_supported":["jpg","jpeg","png","svg","ai","pdf","eps"],"enableCl":true,"cl_rule":"show","cl_val":"Custom Graphics","col":6,"relations":[{"operator":false,"rules":[{"operator":false,"rules":{"cl_field":"wcpa-radio-group-1652125566352","cl_relation":"is","cl_val":"Custom Graphics"}}]}],"active":true,"tooltip":"","upload_type":"ajax","allowedFileTypes":".jpg,.jpeg,.png,.svg,.ai,.pdf,.eps","gt_translate_keys":["label","placeholder","tooltip"],"price_dependency":false,"cl_dependency":false,"value":""}],[{"type":"checkbox-group","required":true,"elementId":"wcpa-checkbox-group-1581262674073","label":"","priceOptions":"different_for_all","pricingType":"fixed","name":"disclaimer","other_text":"Other","enableCl":true,"cl_rule":"show","cl_val":"Custom Graphics","col":6,"values":[{"label":"Je confirme que le logo\/fichier que je soumets pour ma commande ne contrevient pas aux droits d\u2019une marque de commerce enregistr\u00e9e et que j\u2019ai le plein consentement de l\u2019organisation pour utiliser ce logo sur mes b\u00e2tons de hockey. Je comprends que CHS Custom Hockey Sticks LTD. ne sera pas responsable d\u2019aucune p\u00e9nalit\u00e9 de la part d\u2019une organisation si cette dite organisation contacte Custom Hockey Sticks pour un logo que j\u2019aurais soumis sans avoir les droits pour l\u2019utilisation de ce dit logo. Custom Hockey Sticks peut r\u00e9utiliser les \u00e9l\u00e9ments graphiques de la conception de votre b\u00e2ton pour d'autres projets.","value":"Disclaimer","price":"250","pimage":"","pimage_id":"","pthumb":"","gt_translate_keys":["label"]}],"relations":[{"operator":false,"rules":[{"operator":false,"rules":{"cl_field":"wcpa-radio-group-1652125566352","cl_relation":"is","cl_val":"Custom Graphics"}}]}],"active":true,"tooltip":"","layOut":"inline","checkUi":"","error":false,"gt_translate_keys":["label","tooltip"],"price_dependency":false,"cl_dependency":false,"value":""}],[{"type":"separator","elementId":"wcpa-separator-1652125884050","enableCl":true,"cl_rule":"show","cl_val":"Standard Graphic Color Change","col":6,"relations":[{"operator":false,"rules":[{"operator":false,"rules":{"cl_field":"wcpa-radio-group-1652125566352","cl_relation":"is","cl_val":"Standard Graphic Color Change"}}]}],"active":true,"tooltip":"","height":"30","error":false,"gt_translate_keys":["tooltip"],"price_dependency":false,"cl_dependency":false,"value":""}],[{"type":"textarea","required":true,"elementId":"wcpa-textarea-1581263362025","label":"Additional notes or requests","placeholder":"Dites-nous si vous avez des demandes ou des informations qui pourraient nous aider \u00e0 cr\u00e9er le design\/graphisme pour votre\/vos b\u00e2ton(s).","enablePrice":true,"pricingType":"fixed","price":"0","is_show_price":true,"rows":"2","name":"additional-notes","enableCl":true,"cl_rule":"show","cl_val":"Custom Graphics","col":6,"relations":[{"operator":false,"rules":[{"operator":false,"rules":{"cl_field":"wcpa-radio-group-1652125566352","cl_relation":"is","cl_val":"Custom Graphics"}}]}],"active":true,"tooltip":"","gt_translate_keys":["label","placeholder","tooltip"],"price_dependency":false,"cl_dependency":false,"value":""}],[{"type":"content","subtype":"div","label":"","elementId":"wcpa-paragraph-1652125430749","pricingType":"fixed","enableCl":true,"cl_rule":"show","cl_val":"Standard Graphic Color Change","col":6,"relations":[{"operator":false,"rules":[{"operator":false,"rules":{"cl_field":"wcpa-radio-group-1652125566352","cl_relation":"is","cl_val":"Standard Graphic Color Change"}}]}],"active":true,"tooltip":"","value":"Voulez-vous simplement changer la couleur de nos graphiques standard\u00a0? Choisissez votre couleur ci-dessous et nous vous confirmerons votre code couleur exact avant de passer en production.","name":"wcpa-paragraph-1652125430749","contentType":"plain","gt_translate_keys":["label","value","tooltip"],"price_dependency":false,"cl_dependency":false}],[{"elementId":"separator-5611052039","enableCl":true,"relations":[{"operator":false,"rules":[{"operator":false,"rules":{"cl_field":"wcpa-radio-group-1652125566352","cl_relation":"is","cl_val":"Standard Graphic Color Change"}}]}],"cl_rule":"show","col":6,"type":"separator","height":"30","error":false,"gt_translate_keys":[],"price_dependency":false,"cl_dependency":false,"value":""}],[{"type":"color","elementId":"wcpa-color-1652125438849","label":"Couleur","value":"#aaaaaa","pricingType":"fixed","name":"color-1652125438849","enableCl":true,"cl_rule":"show","cl_val":"Standard Graphic Color Change","col":6,"relations":[{"operator":false,"rules":[{"operator":false,"rules":{"cl_field":"wcpa-radio-group-1652125566352","cl_relation":"is","cl_val":"Standard Graphic Color Change"}}]}],"active":true,"tooltip":"","error":false,"gt_translate_keys":["label","value","tooltip"],"price_dependency":false,"cl_dependency":false}]]}},"config":{"price_override":"","enable_recaptcha":false,"bind_quantity":false,"quantity_bind_formula":false,"disp_summ_show_option_price":false,"disp_summ_show_product_price":false,"disp_summ_show_total_price":true,"disp_summ_show_fee":false,"disp_summ_show_discount":false,"summary_title":"","options_total_label":"Options Price","total_label":"Total","options_product_label":"Product Price","fee_label":"Fee","discount_label":"Discount","has_price":true,"has_quantity_formula":false},"mc_unit":1,"tax_rate":1,"tax_rate_real":0.149749999999999994226840271949185989797115325927734375,"discount":{"percentage":0,"fixed":0},"design":{"conf":{"LabelPosition":"above","DescPosition":"above","UploadField":"custom_1","QuantityFieldStyle":"default"},"css":{"LeftLabelWidth":"120px"}},"formulas":[],"lookuptables":[],"clones":false,"cartKey":false}},"_links":{"self":[{"href":"https:\/\/stage.customhockeysticks.ca\/fr\/wp-json\/wp\/v2\/product\/1211","targetHints":{"allow":["GET"]}}],"collection":[{"href":"https:\/\/stage.customhockeysticks.ca\/fr\/wp-json\/wp\/v2\/product"}],"about":[{"href":"https:\/\/stage.customhockeysticks.ca\/fr\/wp-json\/wp\/v2\/types\/product"}],"version-history":[{"count":1,"href":"https:\/\/stage.customhockeysticks.ca\/fr\/wp-json\/wp\/v2\/product\/1211\/revisions"}],"predecessor-version":[{"id":41322,"href":"https:\/\/stage.customhockeysticks.ca\/fr\/wp-json\/wp\/v2\/product\/1211\/revisions\/41322"}],"wp:featuredmedia":[{"embeddable":true,"href":"https:\/\/stage.customhockeysticks.ca\/fr\/wp-json\/wp\/v2\/media\/2773"}],"wp:attachment":[{"href":"https:\/\/stage.customhockeysticks.ca\/fr\/wp-json\/wp\/v2\/media?parent=1211"}],"wp:term":[{"taxonomy":"product_brand","embeddable":true,"href":"https:\/\/stage.customhockeysticks.ca\/fr\/wp-json\/wp\/v2\/product_brand?post=1211"},{"taxonomy":"product_cat","embeddable":true,"href":"https:\/\/stage.customhockeysticks.ca\/fr\/wp-json\/wp\/v2\/product_cat?post=1211"},{"taxonomy":"product_tag","embeddable":true,"href":"https:\/\/stage.customhockeysticks.ca\/fr\/wp-json\/wp\/v2\/product_tag?post=1211"}],"curies":[{"name":"wp","href":"https:\/\/api.w.org\/{rel}","templated":true}]}}