{"id":10800,"date":"2021-07-12T21:12:02","date_gmt":"2021-07-13T01:12:02","guid":{"rendered":"https:\/\/stage.customhockeysticks.ca\/product\/custom-hockey-sledge-stick\/"},"modified":"2025-08-08T11:48:43","modified_gmt":"2025-08-08T15:48:43","slug":"custom-hockey-sledge-stick","status":"publish","type":"product","link":"https:\/\/stage.customhockeysticks.ca\/fr\/produit\/custom-hockey-sledge-stick\/","title":{"rendered":"Custom Hockey Sledge Stick"},"content":{"rendered":"","protected":false},"excerpt":{"rendered":"<p>Nos b\u00e2tons de hockey professionnel de Sled\/Sledge\/Para sont parfaits pour les joueurs de tous niveaux. Con\u00e7us pour r\u00e9sister aux jeux intenses, nos b\u00e2tons sont disponibles en fibre de carbone 12K ou 18K.<\/p>\n<ul>\n<li>Chaque main est vendue s\u00e9par\u00e9ment<\/li>\n<li>N\u2019inclut pas les pics \u00e0 glace.<\/li>\n<\/ul>\n","protected":false},"featured_media":10724,"template":"","meta":[],"product_brand":[],"product_cat":[79],"product_tag":[],"class_list":{"0":"post-10800","1":"product","2":"type-product","3":"status-publish","4":"has-post-thumbnail","6":"product_cat-sledge","8":"first","9":"instock","10":"taxable","11":"shipping-taxable","12":"purchasable","13":"product-type-variable"},"wcpa_form_fields":null,"_links":{"self":[{"href":"https:\/\/stage.customhockeysticks.ca\/fr\/wp-json\/wp\/v2\/product\/10800","targetHints":{"allow":["GET"]}}],"collection":[{"href":"https:\/\/stage.customhockeysticks.ca\/fr\/wp-json\/wp\/v2\/product"}],"about":[{"href":"https:\/\/stage.customhockeysticks.ca\/fr\/wp-json\/wp\/v2\/types\/product"}],"version-history":[{"count":0,"href":"https:\/\/stage.customhockeysticks.ca\/fr\/wp-json\/wp\/v2\/product\/10800\/revisions"}],"wp:featuredmedia":[{"embeddable":true,"href":"https:\/\/stage.customhockeysticks.ca\/fr\/wp-json\/wp\/v2\/media\/10724"}],"wp:attachment":[{"href":"https:\/\/stage.customhockeysticks.ca\/fr\/wp-json\/wp\/v2\/media?parent=10800"}],"wp:term":[{"taxonomy":"product_brand","embeddable":true,"href":"https:\/\/stage.customhockeysticks.ca\/fr\/wp-json\/wp\/v2\/product_brand?post=10800"},{"taxonomy":"product_cat","embeddable":true,"href":"https:\/\/stage.customhockeysticks.ca\/fr\/wp-json\/wp\/v2\/product_cat?post=10800"},{"taxonomy":"product_tag","embeddable":true,"href":"https:\/\/stage.customhockeysticks.ca\/fr\/wp-json\/wp\/v2\/product_tag?post=10800"}],"curies":[{"name":"wp","href":"https:\/\/api.w.org\/{rel}","templated":true}]}}