{"id":10063,"date":"2021-03-13T21:09:51","date_gmt":"2021-03-14T03:09:51","guid":{"rendered":"https:\/\/stage.customhockeysticks.ca\/?post_type=product&#038;p=10063"},"modified":"2021-03-20T20:43:01","modified_gmt":"2021-03-21T00:43:01","slug":"sac-de-baton-de-hockey-personnalise","status":"publish","type":"product","link":"https:\/\/stage.customhockeysticks.ca\/fr\/produit\/sac-de-baton-de-hockey-personnalise\/","title":{"rendered":"Sac de b\u00e2ton de hockey personnalis\u00e9"},"content":{"rendered":"","protected":false},"excerpt":{"rendered":"<p>Besoin d&rsquo;un sac suppl\u00e9mentaire pour vos b\u00e2tons de hockey personnalis\u00e9s? Choisissez ci-dessous parmi les diff\u00e9rentes tailles disponibles. Toutes nos tailles standard peuvent contenir jusqu&rsquo;\u00e0 3 b\u00e2tons chacune. Chaque sac est livr\u00e9 avec une carte de joueur.<\/p>\n","protected":false},"featured_media":10087,"template":"","meta":[],"product_brand":[],"product_cat":[76],"product_tag":[],"class_list":{"0":"post-10063","1":"product","2":"type-product","3":"status-publish","4":"has-post-thumbnail","6":"product_cat-sac-de-baton","7":"product_shipping_class-livraison-gratuite","9":"first","10":"instock","11":"taxable","12":"shipping-taxable","13":"purchasable","14":"product-type-variable","15":"has-default-attributes"},"wcpa_form_fields":null,"_links":{"self":[{"href":"https:\/\/stage.customhockeysticks.ca\/fr\/wp-json\/wp\/v2\/product\/10063","targetHints":{"allow":["GET"]}}],"collection":[{"href":"https:\/\/stage.customhockeysticks.ca\/fr\/wp-json\/wp\/v2\/product"}],"about":[{"href":"https:\/\/stage.customhockeysticks.ca\/fr\/wp-json\/wp\/v2\/types\/product"}],"version-history":[{"count":0,"href":"https:\/\/stage.customhockeysticks.ca\/fr\/wp-json\/wp\/v2\/product\/10063\/revisions"}],"wp:featuredmedia":[{"embeddable":true,"href":"https:\/\/stage.customhockeysticks.ca\/fr\/wp-json\/wp\/v2\/media\/10087"}],"wp:attachment":[{"href":"https:\/\/stage.customhockeysticks.ca\/fr\/wp-json\/wp\/v2\/media?parent=10063"}],"wp:term":[{"taxonomy":"product_brand","embeddable":true,"href":"https:\/\/stage.customhockeysticks.ca\/fr\/wp-json\/wp\/v2\/product_brand?post=10063"},{"taxonomy":"product_cat","embeddable":true,"href":"https:\/\/stage.customhockeysticks.ca\/fr\/wp-json\/wp\/v2\/product_cat?post=10063"},{"taxonomy":"product_tag","embeddable":true,"href":"https:\/\/stage.customhockeysticks.ca\/fr\/wp-json\/wp\/v2\/product_tag?post=10063"}],"curies":[{"name":"wp","href":"https:\/\/api.w.org\/{rel}","templated":true}]}}